{"id":119,"date":"2021-12-20T00:29:29","date_gmt":"2021-12-19T23:29:29","guid":{"rendered":"http:\/\/pcr-pooltests-kitas-bayern.lederer4u.de\/?page_id=119"},"modified":"2022-10-04T20:11:45","modified_gmt":"2022-10-04T20:11:45","slug":"home","status":"publish","type":"page","link":"https:\/\/lolli-test-bayern.de\/home\/","title":{"rendered":"INITIATIVE F\u00dcR PCR-POOL-TESTS IN BAYERISCHEN KITAS &#8211; JETZT!"},"content":{"rendered":"<div class=\"wp-block-image is-style-default\">\n<figure class=\"aligncenter size-large is-resized\"><img loading=\"lazy\" src=\"https:\/\/lolli-test-bayern.de\/wp-content\/uploads\/2022\/08\/ControlCovid4Kids-1024x786.png\" alt=\"\" class=\"wp-image-536\" width=\"522\" height=\"399\"\/><\/figure><\/div>\n\n\n<h2>Herzlich Willkommen auf unserer Website!<\/h2>\n\n\n\n<p>Wir sind eine bayernweite Gruppe von Eltern mit Kindern im Kindergarten- und Grundschulalter.<\/p>\n\n\n\n<p>Uns besorgt vor allem die aktuelle Sorglosigkeit, die landesweit in Bezug auf die Pandemie und die weiterhin extrem hohen Infektionszahlen herrscht. Es gibt mittlerweile viele Erkenntnisse, die ein sehr beunruhigendes Bild \u00fcber m\u00f6gliche Risiken und Langzeitfolgen einer SARS-COV-2 Infektion zeichnen. Auch wenn die akute Erkrankung derzeit zu einer vergleichsweise niedrigen Zahl schwerer Verl\u00e4ufe f\u00fchrt, zeigen die wissenschaftlichen Analysen weltweit, dass nach einer \u00fcberstandenen akuten Covid-19 Erkrankung viele verschiedene teils schwerwiegende Langzeitfolgen auftreten.<\/p>\n\n\n\n<p>Hier finden Sie eine Zusammenfassung, warum durch die Einf\u00fchrung von regelm\u00e4\u00dfigen PCR-basierten Tests die Sicherheit und Kontinuit\u00e4t in Schulen und Kindertageseinrichtungen gew\u00e4hrleistet werden kann.<\/p>\n\n\n\n<figure class=\"wp-block-image size-large\"><img loading=\"lazy\" width=\"1024\" height=\"724\" src=\"https:\/\/lolli-test-bayern.de\/wp-content\/uploads\/2022\/10\/Flyer_PCR-Tests_01-1024x724.png\" alt=\"\" class=\"wp-image-546\" srcset=\"https:\/\/lolli-test-bayern.de\/wp-content\/uploads\/2022\/10\/Flyer_PCR-Tests_01-1024x724.png 1024w, https:\/\/lolli-test-bayern.de\/wp-content\/uploads\/2022\/10\/Flyer_PCR-Tests_01-300x212.png 300w, https:\/\/lolli-test-bayern.de\/wp-content\/uploads\/2022\/10\/Flyer_PCR-Tests_01-768x543.png 768w, https:\/\/lolli-test-bayern.de\/wp-content\/uploads\/2022\/10\/Flyer_PCR-Tests_01-1536x1086.png 1536w, https:\/\/lolli-test-bayern.de\/wp-content\/uploads\/2022\/10\/Flyer_PCR-Tests_01-2048x1448.png 2048w\" sizes=\"(max-width: 1024px) 100vw, 1024px\" \/><figcaption>Hier geht es zu den Details!<\/figcaption><\/figure>\n\n\n\n<p class=\"has-large-font-size\">Daher <strong>FORDERN<\/strong> wir von der bayerischen Landesregierung<\/p>\n\n\n\n<ol><li><strong>Umsetzung von regelm\u00e4\u00dfige PCR-Pooltests in Kinderbetreuungseinrichtungen und Schulen<\/strong> <br>\u2192 diese sind nicht \u201eanlasslos\u201c in einem dynamischen Infektionsgeschehen sondern geben Sicherheit und erm\u00f6glichen fr\u00fchzeitiges Unterbrechen von Infektionsketten. Zudem k\u00f6nnen insbesondere kleine Kinder sich nicht ad\u00e4quat selber sch\u00fctzen.<br><\/li><li><strong>Verpflichtender Einsatz von mobilen HEPA Luftfiltern in allen R\u00e4umen von Kinderbetreuungseinrichtungen und Klassenr\u00e4umen bayerischer Schulen<\/strong> <br>\u2192 die Ger\u00e4te sind gerade mit Blick auf Herbst und Winter ein wichtiger Baustein, denn unter der aktuell versch\u00e4rften Energiesituation (russisches Gas) ist st\u00e4ndiges Heizen gegen die Kaltluft durch h\u00e4ufiges L\u00fcften noch viel problematischer als im vergangenen Jahr.<br><\/li><li><strong>Wiedereinf\u00fchrung einer Maskenpflicht f\u00fcr Mitarbeiter:innen in Kinderbetreuungseinrichtungen<\/strong> <br>\u2192 denn kleine Kinder k\u00f6nnen sich nicht selber durch Tragen einer Maske sch\u00fctzen. Zudem werden die ohnehin bereits stark belasteten Mitarbeiter:innen der Einrichtungen so ebenfalls gesch\u00fctzt<br><\/li><li><strong>Wiedereinf\u00fchrung einer Maskenpflicht in allen Schulen f\u00fcr Lehrer:innen und Sch\u00fcler:innen gleicherma\u00dfen<\/strong> <br>\u2192 denn nur Infektionsschutzmasken helfen, die Verbreitung von Aerosolen in vollbesetzten Klassenzimmern effektiv zu reduzieren<br><\/li><li><strong>Aktive Aufkl\u00e4rung zu den gesundheitlichen Risiken, die mit (mehrfachen) SARS-COV-2 Infektionen einhergehen<\/strong> <br>\u2192 FAQs auf staatlichen Webseiten reichen nicht aus. Es muss eine stringente Aufkl\u00e4rungskampagne erfolgen durch Informationen in den Einrichtungen vor Ort \u2013 z.B. Elternabende, Unterrichtseinheiten, mediale Kampagnen<\/li><\/ol>\n\n\n\n<hr class=\"wp-block-separator has-alpha-channel-opacity\"\/>\n\n\n\n<h2>Unterst\u00fctzt unseren <\/h2>\n\n\n\n<script>\nvar OPWIDGET = {\n\t\"base_url\": \"https:\/\/www.openpetition.de\",\n\t\"api_key\": \"925d6b9c55493d1dba207909e99ab561178533f38809dabb76e647e78a009ed5\",\n\t\"options\": {\n\t\t\"primarycolor\": \"#188acc\", \/\/ andere Farben: https:\/\/www.w3schools.com\/colors\/colors_picker.asp\n\t\t\"secondarycolor\": \"#6c6c6c\",\n\t\t\"backgroundcolor\": \"#ffffff\",\n\t\t\"mainfontsize\": \"12px\",\n\t\t\"language\": \"de_DE.utf8\"\n\t}\n};\n<\/script>\n<script src=\"https:\/\/www.openpetition.de\/javascript\/widget.js\"><\/script>\n<noscript>Bitte aktivieren Sie JavaScript und laden die Seite neu.<\/noscript>\n\n\n\n<hr class=\"wp-block-separator has-css-opacity\"\/>\n\n\n\n<figure class=\"wp-block-embed aligncenter is-type-rich is-provider-twitter wp-block-embed-twitter\"><div class=\"wp-block-embed__wrapper\">\n<blockquote class=\"twitter-tweet\" data-width=\"550\" data-dnt=\"true\"><p lang=\"de\" dir=\"ltr\">Wenn sich nur alle Kommunen so verantwortungsbewusst verhalten w\u00fcrden&#8230; Aber leider bleiben PCR-Pool-Tests in bayerischen <a href=\"https:\/\/twitter.com\/hashtag\/Kitas?src=hash&amp;ref_src=twsrc%5Etfw\">#Kitas<\/a> auch weiterhin eine Rarit\u00e4t. Warum wird nicht mehr getan, um die Einf\u00fchrung zu vereinfachen, am besten bayernweit <a href=\"https:\/\/twitter.com\/BayStMAS?ref_src=twsrc%5Etfw\">@BayStMAS<\/a> &amp; <a href=\"https:\/\/twitter.com\/ulischarf?ref_src=twsrc%5Etfw\">@ulischarf<\/a>? \ud83d\udc47\ud83d\udc47\ud83d\udc47 <a href=\"https:\/\/t.co\/JLcIS4fDIE\">https:\/\/t.co\/JLcIS4fDIE<\/a><\/p>&mdash; #ControlCovid4Kids aka. Lolli-PCR-Tests_Bayern \ud83d\ude37 (@LolliPcr) <a href=\"https:\/\/twitter.com\/LolliPcr\/status\/1500168546445365252?ref_src=twsrc%5Etfw\">March 5, 2022<\/a><\/blockquote><script async src=\"https:\/\/platform.twitter.com\/widgets.js\" charset=\"utf-8\"><\/script>\n<\/div><\/figure>\n\n\n\n<hr class=\"wp-block-separator has-css-opacity\"\/>\n\n\n\n<h3 id=\"was-wurde-bisher-getan\">Was wurde bisher getan?<\/h3>\n\n\n\n<p>Am 07.12.2021 wurde durch das bayerische Sozialministerium bekanntgegeben, dass f\u00fcr alle Kinder, die eine Kinderbetreuungseinrichtung in Bayern besuchen, ab dem 10.01.2022 eine Test-<em>NACHWEIS<\/em>-Pflicht gelten wird (<a rel=\"noreferrer noopener\" href=\"https:\/\/www.stmas.bayern.de\/imperia\/md\/content\/stmas\/stmas_inet\/service-kinder\/newsletter\/452-newsletter.pdf\" target=\"_blank\" data-type=\"URL\" data-id=\"https:\/\/www.stmas.bayern.de\/imperia\/md\/content\/stmas\/stmas_inet\/service-kinder\/newsletter\/452-newsletter.pdf\">452. Newsletter des bayerischen Sozialministeriums vom 08.12.2021<\/a>). In diesem Zusammenhang wird zun\u00e4chst auf Antigen Selbsttest verwiesen, die von den Eltern im h\u00e4uslichen Umfeld durchgef\u00fchrt und in geeigneter Form der Betreuungseinrichtung best\u00e4tigt werden sollen. Die Anwendung von PCR-Pool-Tests (Lolli-Tests) kommt nur dann in Frage, wenn diese durch den Tr\u00e4ger der Einrichtung bereitgestellt werden.  Auf evidenzbasierte Argumentation mit Verweisen auf die eindeutigen Empfehlungen des Robert-Koch-Instituts (RKI) und der Bundes\u00e4rztekammer gehen die zust\u00e4ndigen Stellen nicht ein. <\/p>\n\n\n\n<p><strong>Eine sichere Betreuungsumgebung f\u00fcr unsere Kinder kann so im Rahmen der Pandemie und der aktuellen Ausbreitung der neuen Virusvariante Omikron nicht erreicht werden!<\/strong><\/p>\n\n\n\n<p>Daher haben wir uns gemeinsam mit fast 16.000 Unterst\u00fctzer:innen mit einer <a href=\"http:\/\/pcr-pooltests-kitas-bayern.lederer4u.de\/wp-content\/uploads\/2022\/01\/Petition_Begruendung.pdf\" target=\"_blank\" rel=\"noreferrer noopener\">Petition<\/a> an den Bayerischen Landtag gewandt. Diese Petition haben wir am 25.01.2022 pers\u00f6nlich an Frau Doris Rauscher in ihrer Funktion als Vorsitzende im Ausschuss f\u00fcr Arbeit und Soziales, Jugend und Familie \u00fcbergeben.<\/p>\n\n\n\n<figure class=\"wp-block-image size-large is-resized\"><img loading=\"lazy\" src=\"https:\/\/lolli-test-bayern.de\/wp-content\/uploads\/2022\/08\/image00012-768x1024.jpeg\" alt=\"\" class=\"wp-image-533\" width=\"551\" height=\"735\" srcset=\"https:\/\/lolli-test-bayern.de\/wp-content\/uploads\/2022\/08\/image00012-768x1024.jpeg 768w, https:\/\/lolli-test-bayern.de\/wp-content\/uploads\/2022\/08\/image00012-225x300.jpeg 225w, https:\/\/lolli-test-bayern.de\/wp-content\/uploads\/2022\/08\/image00012-1152x1536.jpeg 1152w, https:\/\/lolli-test-bayern.de\/wp-content\/uploads\/2022\/08\/image00012-1536x2048.jpeg 1536w, https:\/\/lolli-test-bayern.de\/wp-content\/uploads\/2022\/08\/image00012-scaled.jpeg 1920w\" sizes=\"(max-width: 551px) 100vw, 551px\" \/><figcaption>\u00dcbergabe der Petition am 25.01.2022 im Bayerischen Landtag<\/figcaption><\/figure>\n\n\n\n<h1 id=\"ubergabe-der-petition-am-25-januar-2022\">\u00dcbergabe der Petition am 25. Januar 2022<\/h1>\n\n\n\n<figure class=\"wp-block-image size-large is-resized\"><img loading=\"lazy\" src=\"https:\/\/lolli-test-bayern.de\/wp-content\/uploads\/2022\/08\/IMG-20220125-WA0017-1024x768.jpg\" alt=\"\" class=\"wp-image-528\" width=\"559\" height=\"419\" srcset=\"https:\/\/lolli-test-bayern.de\/wp-content\/uploads\/2022\/08\/IMG-20220125-WA0017-1024x768.jpg 1024w, https:\/\/lolli-test-bayern.de\/wp-content\/uploads\/2022\/08\/IMG-20220125-WA0017-300x225.jpg 300w, https:\/\/lolli-test-bayern.de\/wp-content\/uploads\/2022\/08\/IMG-20220125-WA0017-768x576.jpg 768w, https:\/\/lolli-test-bayern.de\/wp-content\/uploads\/2022\/08\/IMG-20220125-WA0017-1536x1152.jpg 1536w, https:\/\/lolli-test-bayern.de\/wp-content\/uploads\/2022\/08\/IMG-20220125-WA0017-160x120.jpg 160w, https:\/\/lolli-test-bayern.de\/wp-content\/uploads\/2022\/08\/IMG-20220125-WA0017.jpg 2048w\" sizes=\"(max-width: 559px) 100vw, 559px\" \/><\/figure>\n\n\n\n<figure class=\"wp-block-image size-large is-resized\"><img loading=\"lazy\" src=\"https:\/\/lolli-test-bayern.de\/wp-content\/uploads\/2022\/08\/IMG-20220125-WA0015-1024x768.jpg\" alt=\"\" class=\"wp-image-529\" width=\"559\" height=\"419\" srcset=\"https:\/\/lolli-test-bayern.de\/wp-content\/uploads\/2022\/08\/IMG-20220125-WA0015-1024x768.jpg 1024w, https:\/\/lolli-test-bayern.de\/wp-content\/uploads\/2022\/08\/IMG-20220125-WA0015-300x225.jpg 300w, https:\/\/lolli-test-bayern.de\/wp-content\/uploads\/2022\/08\/IMG-20220125-WA0015-768x576.jpg 768w, https:\/\/lolli-test-bayern.de\/wp-content\/uploads\/2022\/08\/IMG-20220125-WA0015-1536x1152.jpg 1536w, https:\/\/lolli-test-bayern.de\/wp-content\/uploads\/2022\/08\/IMG-20220125-WA0015-160x120.jpg 160w, https:\/\/lolli-test-bayern.de\/wp-content\/uploads\/2022\/08\/IMG-20220125-WA0015.jpg 2048w\" sizes=\"(max-width: 559px) 100vw, 559px\" \/><\/figure>\n\n\n\n<figure class=\"wp-block-image size-large is-resized\"><img loading=\"lazy\" src=\"https:\/\/lolli-test-bayern.de\/wp-content\/uploads\/2022\/08\/IMG_3274_cut-1024x756.jpg\" alt=\"\" class=\"wp-image-530\" width=\"560\" height=\"413\" srcset=\"https:\/\/lolli-test-bayern.de\/wp-content\/uploads\/2022\/08\/IMG_3274_cut-1024x756.jpg 1024w, https:\/\/lolli-test-bayern.de\/wp-content\/uploads\/2022\/08\/IMG_3274_cut-300x221.jpg 300w, https:\/\/lolli-test-bayern.de\/wp-content\/uploads\/2022\/08\/IMG_3274_cut-768x567.jpg 768w, https:\/\/lolli-test-bayern.de\/wp-content\/uploads\/2022\/08\/IMG_3274_cut-1536x1134.jpg 1536w, https:\/\/lolli-test-bayern.de\/wp-content\/uploads\/2022\/08\/IMG_3274_cut-2048x1512.jpg 2048w\" sizes=\"(max-width: 560px) 100vw, 560px\" \/><\/figure>\n","protected":false},"excerpt":{"rendered":"<p>Herzlich Willkommen auf unserer Website! Wir sind eine bayernweite Gruppe von Eltern mit Kindern im Kindergarten- und Grundschulalter. Uns besorgt vor allem die aktuelle Sorglosigkeit, die landesweit in Bezug auf die Pandemie und die weiterhin extrem hohen Infektionszahlen herrscht. Es gibt mittlerweile viele Erkenntnisse, die ein sehr beunruhigendes Bild \u00fcber m\u00f6gliche Risiken und Langzeitfolgen einer&hellip;<\/p>\n","protected":false},"author":1,"featured_media":0,"parent":0,"menu_order":0,"comment_status":"closed","ping_status":"closed","template":"","meta":[],"_links":{"self":[{"href":"https:\/\/lolli-test-bayern.de\/home\/wp-json\/wp\/v2\/pages\/119"}],"collection":[{"href":"https:\/\/lolli-test-bayern.de\/home\/wp-json\/wp\/v2\/pages"}],"about":[{"href":"https:\/\/lolli-test-bayern.de\/home\/wp-json\/wp\/v2\/types\/page"}],"author":[{"embeddable":true,"href":"https:\/\/lolli-test-bayern.de\/home\/wp-json\/wp\/v2\/users\/1"}],"replies":[{"embeddable":true,"href":"https:\/\/lolli-test-bayern.de\/home\/wp-json\/wp\/v2\/comments?post=119"}],"version-history":[{"count":8,"href":"https:\/\/lolli-test-bayern.de\/home\/wp-json\/wp\/v2\/pages\/119\/revisions"}],"predecessor-version":[{"id":547,"href":"https:\/\/lolli-test-bayern.de\/home\/wp-json\/wp\/v2\/pages\/119\/revisions\/547"}],"wp:attachment":[{"href":"https:\/\/lolli-test-bayern.de\/home\/wp-json\/wp\/v2\/media?parent=119"}],"curies":[{"name":"wp","href":"https:\/\/api.w.org\/{rel}","templated":true}]}}