{"id":248,"date":"2021-12-20T13:44:33","date_gmt":"2021-12-20T12:44:33","guid":{"rendered":"http:\/\/pcr-pooltests-kitas-bayern.lederer4u.de\/?page_id=248"},"modified":"2021-12-20T13:44:33","modified_gmt":"2021-12-20T12:44:33","slug":"testpflicht-ist-eine-farce","status":"publish","type":"page","link":"https:\/\/lolli-test-bayern.de\/home\/testpflicht-ist-eine-farce\/","title":{"rendered":"Hintergr\u00fcnde"},"content":{"rendered":"\n<p>Das Robert-Koch-Institut (RKI) sowie die Bundes\u00e4rztekammer haben bereits im Sommer 2021 auf Basis wissenschaftlicher Studien die Einf\u00fchrung von altersgerechten und sicheren Testverfahren in Kinder-betreuungseinrichtungen empfohlen. Hier finden Sie die relevanten Quellen und Stellungnahmen.<\/p>\n\n\n\n<hr class=\"wp-block-separator\"\/>\n\n\n\n<h3>Zur Genauigkeit von Antigen Schnelltests<\/h3>\n\n\n\n<blockquote class=\"wp-block-quote\"><p>&#8222;Forscherinnen und Forscher aus den Instituten f\u00fcr Hygiene und Mikrobiologie sowie Virologie und Immunbiologie der Julius-Maximilians-Universit\u00e4t W\u00fcrzburg (JMU) sowie mehrerer Kliniken des Universit\u00e4tsklinikums W\u00fcrzburg (UKW) sind jetzt zu einem anderen Ergebnis gekommen. <strong>Demnach liegt die Sensitivit\u00e4t der Antigen-Schnelltests im klinischen Praxiseinsatz mit 42,6 Prozent signifikant unter den Herstellerangaben<\/strong>. Die Ergebnisse dieser Studie hat das Team in der aktuellen Ausgabe der Fachzeitschrift <em>EBioMedicine<\/em> ver\u00f6ffentlicht.&#8220;<\/p><cite><a rel=\"noreferrer noopener\" href=\"https:\/\/www.uni-wuerzburg.de\/aktuelles\/pressemitteilungen\/single\/news\/sars-cov-2-schnelltests-nur-bedingt-zuverlaessig\/\" target=\"_blank\">Uni W\u00fcrzburg (01.07.2021)<\/a><\/cite><\/blockquote>\n\n\n\n<hr class=\"wp-block-separator\"\/>\n\n\n\n<h3>Zur Genauigkeit von PCR Pooltests<\/h3>\n\n\n\n<blockquote class=\"wp-block-quote has-text-align-left\"><p><em>&#8222;Die Lolli-Methode verbindet eine einfache Probenentnahme mit einer PCR-Pooltestung. Untersuchungen an 122 Personen am Morgen zeigten bei Viruslasten \u00fcber 10<sup>3<\/sup> Viruskopien\/ml im Naso-\/Oropharynxabstrich eine Sensitivit\u00e4t von 93,9 %. Ein auf der Lolli-Methode basierendes Testkonzept zeigte sich in 32 Kitas praktikabel und wurde sowohl von Kindern als auch Erwachsenen sehr gut akzeptiert. Daher gehen wir davon aus, dass die Lolli-Methode eine Grundlage f\u00fcr ein breit anwendbares und systematisches Testkonzept in Kitas und Schulen darstellen kann.&#8220;<\/em><\/p><cite><a rel=\"noreferrer noopener\" href=\"https:\/\/www.rki.de\/DE\/Content\/Infekt\/EpidBull\/Archiv\/2021\/Ausgaben\/32_21.pdf?__blob=publicationFile\" target=\"_blank\">Studie zu Lolli-PCR-Pooltests im Kindergarten (RKI &#8211; epidemiologisches Bulletin 32\/21)<\/a><\/cite><\/blockquote>\n\n\n\n<hr class=\"wp-block-separator is-style-default\"\/>\n\n\n\n<h3>Zur Teststrategie in Bildungseinrichtungen<\/h3>\n\n\n\n<p><a rel=\"noreferrer noopener\" href=\"https:\/\/www.rki.de\/SharedDocs\/Bilder\/InfAZ\/neuartiges_Coronavirus\/Teststrategie.png;jsessionid=7A75AA4969B8075B36A9563B3F0E067F.internet102?__blob=poster&amp;v=18\" target=\"_blank\">Nationale Teststrategie (RKI \/ Stand: 01.12.2021)<\/a><\/p>\n\n\n\n<blockquote class=\"wp-block-quote\"><p><em>\u201e\u00dcber die vereinfachte Probengewinnung und die Testung der Proben einer KITA-Gruppe bzw. einer (Grund-)Schulklasse k\u00f6nnen mittels SARS-CoV-2-PCR-Testungen nicht erkennbare Infektionen besser identifiziert werden. Damit k\u00f6nnen Infektionen fr\u00fchzeitiger in Bildungseinrichtungen erkannt und somit die \u00dcbertragung innerhalb der Einrichtungen vermieden werden\u201c<\/em><\/p><cite><a href=\"https:\/\/www.bundesaerztekammer.de\/presse\/pressemitteilungen\/news-detail\/pcr-lolli-tests-an-kitas-und-schulen-bundesweit-einsetzen\/\" target=\"_blank\" rel=\"noreferrer noopener\">https:\/\/www.bundesaerztekammer.de\/presse\/pressemitteilungen\/news-detail\/pcr-lolli-tests-an-kitas-und-schulen-bundesweit-einsetzen\/<\/a><\/cite><\/blockquote>\n\n\n\n<blockquote class=\"wp-block-quote\"><p><em>&#8222;Die unkritische Anwendung diagnostischer Tests zum Nachweis von SARS-CoV-2 und insbesondere die Durchf\u00fchrung von SARS-CoV-2-PoC-Antigentests von nicht bzw. nicht ausreichend geschultem Personal generiert Risiken f\u00fcr die zu testenden Personen bei der Probengewinnung, <strong>erh\u00f6ht das Risiko fehlerhafter Ergebnisse bzw. Testinterpretationen<\/strong> und kann bei Nichteinhalten der f\u00fcr die Durchf\u00fchrung der Tests notwendigen pers\u00f6nlichen Schutzma\u00dfnahmen zu SARS-CoV-2-Infektionen bei den Durchf\u00fchrenden f\u00fchren. Das gilt auch f\u00fcr die Anwendung von Tests durch Laien in privater Umgebung.&#8220;<\/em><\/p><cite><a href=\"https:\/\/www.bundesaerztekammer.de\/fileadmin\/user_upload\/downloads\/pdf-Ordner\/Stellungnahmen\/PandemieratThesenpapierTeststrategie_17082021.pdf\" target=\"_blank\" rel=\"noreferrer noopener\">Bundes\u00e4rztekammer &#8211; Thesenpapier Teststrategie (17.08.2021)<\/a><\/cite><\/blockquote>\n\n\n\n<hr class=\"wp-block-separator\"\/>\n\n\n\n<h3>Zur Umsetzung von Lolli-PCR-Pooltests in Kinderbetreuungseinrichtungen<\/h3>\n\n\n\n<blockquote class=\"wp-block-quote\"><p>&#8222;<em>Die Lolli-Methode ist eine nicht-invasive Methode der Probengewinnung. Dabei m\u00fcssen die Kinder 30 Sekunden an einem Tupfer -wie an einem Lolli \u2013 lutschen. Mit diesen Tupfern kann dann ein PCR-Test durchgef\u00fchrt werden. Die Tupfer werden im Pool getestet, das bedeutet, dass pro Kitagruppe eine PCR mit den Tupfern aller Kinder durchgef\u00fchrt wird. Wenn das Test-Ergebnis der Pool-PCR negativ ist, bedeutet das, dass bei keinem der Kinder SARS-CoV-2 nachgewiesen werden konnte. Bei einem positiven Ergebnis m\u00fcssen alle Kinder erneut und einzeln getestet werden, um das infizierte Kind zu identifizieren. Damit infizierte Kinder keine weiteren Personen anstecken, m\u00fcssen sie zu Hause bleiben bis sie nicht mehr ansteckend sind.<\/em>&#8222;<\/p><cite><a href=\"https:\/\/kita-testung-koeln.de\/\">https:\/\/kita-testung-koeln.de\/<\/a><\/cite><\/blockquote>\n\n\n\n<hr class=\"wp-block-separator\"\/>\n\n\n\n<p><\/p>\n","protected":false},"excerpt":{"rendered":"<p>Das Robert-Koch-Institut (RKI) sowie die Bundes\u00e4rztekammer haben bereits im Sommer 2021 auf Basis wissenschaftlicher Studien die Einf\u00fchrung von altersgerechten und sicheren Testverfahren in Kinder-betreuungseinrichtungen empfohlen. Hier finden Sie die relevanten Quellen und Stellungnahmen. Zur Genauigkeit von Antigen Schnelltests &#8222;Forscherinnen und Forscher aus den Instituten f\u00fcr Hygiene und Mikrobiologie sowie Virologie und Immunbiologie der Julius-Maximilians-Universit\u00e4t W\u00fcrzburg&hellip;<\/p>\n","protected":false},"author":1,"featured_media":0,"parent":0,"menu_order":0,"comment_status":"closed","ping_status":"closed","template":"","meta":[],"_links":{"self":[{"href":"https:\/\/lolli-test-bayern.de\/home\/wp-json\/wp\/v2\/pages\/248"}],"collection":[{"href":"https:\/\/lolli-test-bayern.de\/home\/wp-json\/wp\/v2\/pages"}],"about":[{"href":"https:\/\/lolli-test-bayern.de\/home\/wp-json\/wp\/v2\/types\/page"}],"author":[{"embeddable":true,"href":"https:\/\/lolli-test-bayern.de\/home\/wp-json\/wp\/v2\/users\/1"}],"replies":[{"embeddable":true,"href":"https:\/\/lolli-test-bayern.de\/home\/wp-json\/wp\/v2\/comments?post=248"}],"version-history":[{"count":0,"href":"https:\/\/lolli-test-bayern.de\/home\/wp-json\/wp\/v2\/pages\/248\/revisions"}],"wp:attachment":[{"href":"https:\/\/lolli-test-bayern.de\/home\/wp-json\/wp\/v2\/media?parent=248"}],"curies":[{"name":"wp","href":"https:\/\/api.w.org\/{rel}","templated":true}]}}