{"id":264,"date":"2021-12-19T22:31:52","date_gmt":"2021-12-19T21:31:52","guid":{"rendered":"http:\/\/pcr-pooltests-kitas-bayern.lederer4u.de\/?page_id=3"},"modified":"2021-12-19T22:31:52","modified_gmt":"2021-12-19T21:31:52","slug":"datenschutzerklaerung","status":"publish","type":"page","link":"https:\/\/lolli-test-bayern.de\/home\/datenschutzerklaerung\/","title":{"rendered":"Datenschutzhinweise"},"content":{"rendered":"\n<p><strong>Haftung f\u00fcr Inhalte:<\/strong><\/p>\n\n\n\n<p>Die Inhalte dieser Seiten wurden mit gr\u00f6\u00dfter Sorgfalt erstellt. F\u00fcr die Richtigkeit, Vollst\u00e4ndigkeit und Aktualit\u00e4t der Inhalte kann keine Gew\u00e4hr geleistet werden. F\u00fcr eigene Inhalte besteht eine Verantwortlichkeit. Es besteht keine \u00dcberwachungspflicht von fremden, \u00fcbermittelten Informationen und auch keine Pflicht der Nachforschung auf Umst\u00e4nde, welche auf eine rechtswidrige T\u00e4tigkeit hinweisen. Verpflichtungen zur Entfernung oder Sperrung der Nutzung von Informationen nach den allgemeinen Gesetzen bleiben hiervon unber\u00fchrt. Eine diesbez\u00fcgliche Haftung ist jedoch erst ab dem Zeitpunkt der Kenntnis einer konkreten Rechtsverletzung m\u00f6glich. Bei Bekanntwerden von entsprechenden Rechtsverletzungen werden die Inhalte umgehend entfernt.<\/p>\n\n\n\n<p><strong>Verlinkte Seiten:<\/strong><\/p>\n\n\n\n<p>Diese Website enth\u00e4lt Links zu externen Webseiten Dritter, auf deren Inhalte kein Einfluss besteht so dass auch keine Gew\u00e4hr \u00fcbernommen werden kann. F\u00fcr die Inhalte der verlinkten Seiten ist stets der jeweilige Betreiber der Seiten verantwortlich. Rechtswidrige Inhalte waren zum Zeitpunkt der Verlinkung nicht ersichtlich. Eine permanente Kontrolle der verlinkten Seiten ist jedoch ohne konkrete Anhaltspunkte einer Rechtsverletzung nicht zumutbar. Bei Bekanntwerden von Rechtsverletzungen werden die Betroffenen Links sofort entfernt.<\/p>\n\n\n\n<p>Diese Website nutzt das Petitionsformular der openPetition gGmbH, Greifswalder Str. 4, 10405 Berlin. Die openPetition gGmbH stellt die technische Plattform f\u00fcr die Sammlung von Petitionsunterschriften zur Verf\u00fcgung. Die von Ihnen bei der Petition eingegebenen Daten (z.B. Name, Adresse, Kommentar) werden von openPetition zur Gew\u00e4hrleistung der Petition auf Servern in Deutschland gespeichert und verarbeitet. Bei jedem Seitenaufruf der Petitionsseite werden Browser-Informationen (z.B. Browser-Typ, Betriebssystem, IP-Adresse, Uhrzeit und der Referrer) gespeichert. Die Logfiles werden statistisch ausgewertet und helfen, den fehlerfreien Betrieb der Seiten sicherzustellen. Es gelten die <a href=\"https:\/\/www.openpetition.de\/content\/data_privacy\">Datenschutzbestimmungen<\/a> von openPetition.<\/p>\n\n\n\n<p><strong>Kommentarfunktion &amp; Kontaktformular:<\/strong><\/p>\n\n\n\n<p>Die Kommentarfunktion ist deaktiviert, wir wollen lediglich auf unsere Initiative hinweisen. Des Weiteren gibt es kein Kontaktformular, hierzu kann die E-Mail-Adresse aus unserem Impressum verwendet werden.<\/p>\n\n\n\n<p><strong>Urheberrecht:<\/strong><\/p>\n\n\n\n<p>Die Inhalte dieser Website unterliegen dem deutschen Urheberrecht. Die Vervielf\u00e4ltigung, Bearbeitung, Verbreitung und jede Art der Verwertung au\u00dferhalb der Grenzen des Urheberrechtes bed\u00fcrfen der schriftlichen Zustimmung des Erstellers. Soweit die Inhalte auf dieser Seite nicht vom Betreiber erstellt wurden, werden die Urheberrechte Dritter beachtet. Des Weiteren werden Inhalte Dritter als solche gekennzeichnet. Bei Bekanntwerden von Urheberrechtsverletzungen, z.B. durch einen Hinweis, werden die Inhalte umgehend entfernt.<\/p>\n\n\n\n<p><strong>Datenschutz:<\/strong><\/p>\n\n\n\n<p>Die Nutzung dieser Webseite ist ohne Angabe personenbezogener Daten m\u00f6glich. Eine E-Mail an uns erfolgt stets auf freiwilliger Basis. Es erfolgt keine Weitergabe an Dritte ohne ausdr\u00fcckliche Zustimmung. Die Daten\u00fcbertragung im Internet (z.B. bei der Kommunikation per E-Mail) kann Sicherheitsl\u00fccken aufweisen. Ein l\u00fcckenloser Schutz der Daten vor dem Zugriff durch Dritte w\u00e4re in diesem Fall dann nicht m\u00f6glich.<\/p>\n\n\n\n<p><strong>Rechte gem\u00e4\u00df der DSGVO:<\/strong><\/p>\n\n\n\n<p>\u2022 Recht auf Berichtigung (Artikel 16 DSGVO)<br>\u2022 Recht auf L\u00f6schung (\u201eRecht auf Vergessenwerden\u201c) (Artikel 17 DSGVO)<br>\u2022 Recht auf Einschr\u00e4nkung der Verarbeitung (Artikel 18 DSGVO)<br>\u2022 Recht auf Benachrichtigung \u2013 Mitteilungspflicht im Zusammenhang mit der Berichtigung oder L\u00f6schung personenbezogener Daten oder der Einschr\u00e4nkung der Verarbeitung (Artikel 19 DSGVO)<br>\u2022 Recht auf Daten\u00fcbertragbarkeit (Artikel 20 DSGVO)<br>\u2022 Widerspruchsrecht (Artikel 21 DSGVO)<br>\u2022 Recht, nicht einer ausschlie\u00dflich auf einer automatisierten Verarbeitung, einschlie\u00dflich Profiling, beruhenden Entscheidung unterworfen zu werden (Artikel 22 DSGVO)<\/p>\n\n\n\n<p><strong>Cookies<\/strong>:<\/p>\n\n\n\n<p>Bei Cookies handelt es sich um kleine Textdateien, die lokal im Zwischenspeicher Ihres Internetbrowsers gespeichert werden. Die Cookies erm\u00f6glichen ein Wiedererkennen des Internetbrowsers. Diese werden genutzt, um dem Browser eine Hilfestellung zu geben, durch die Website zu navigieren und um alle Funktionen in vollem Umfang nutzen zu k\u00f6nnen. Auf unserer Website werden nur systemrelevante Cookies eingesetzt.<\/p>\n\n\n\n<p><strong>Copyright Titelbild &amp; Flyer:<\/strong><\/p>\n\n\n\n<p>Das Titelbild und der Flyer wurden durch uns selbst erstellt und unterliegen dem Urheberrecht.<\/p>\n\n\n\n<p><strong>SSL- bzw. TSL-Verschl\u00fcsselung:<\/strong><\/p>\n\n\n\n<p>Diese Seite nutzt aus Sicherheitsgr\u00fcnden eine SSL-bzw. TLS-Verschl\u00fcsselung. Eine verschl\u00fcsselte Verbindung erkennen Sie daran, dass die Adresszeile mit \u201chttps:\/\/\u201d beginnt oder an dem Schloss-Symbol in Ihrem Browser. \u00dcbermittelte Daten k\u00f6nnen somit nicht mitgelesen werden.<\/p>\n\n\n\n<p>Diese Datenschutzerkl\u00e4rung wurde selbst erstellt.<\/p>\n\n\n\n<p> <\/p>\n","protected":false},"excerpt":{"rendered":"<p>Haftung f\u00fcr Inhalte: Die Inhalte dieser Seiten wurden mit gr\u00f6\u00dfter Sorgfalt erstellt. F\u00fcr die Richtigkeit, Vollst\u00e4ndigkeit und Aktualit\u00e4t der Inhalte kann keine Gew\u00e4hr geleistet werden. F\u00fcr eigene Inhalte besteht eine Verantwortlichkeit. Es besteht keine \u00dcberwachungspflicht von fremden, \u00fcbermittelten Informationen und auch keine Pflicht der Nachforschung auf Umst\u00e4nde, welche auf eine rechtswidrige T\u00e4tigkeit hinweisen. Verpflichtungen zur&hellip;<\/p>\n","protected":false},"author":1,"featured_media":0,"parent":0,"menu_order":0,"comment_status":"closed","ping_status":"open","template":"","meta":[],"_links":{"self":[{"href":"https:\/\/lolli-test-bayern.de\/home\/wp-json\/wp\/v2\/pages\/264"}],"collection":[{"href":"https:\/\/lolli-test-bayern.de\/home\/wp-json\/wp\/v2\/pages"}],"about":[{"href":"https:\/\/lolli-test-bayern.de\/home\/wp-json\/wp\/v2\/types\/page"}],"author":[{"embeddable":true,"href":"https:\/\/lolli-test-bayern.de\/home\/wp-json\/wp\/v2\/users\/1"}],"replies":[{"embeddable":true,"href":"https:\/\/lolli-test-bayern.de\/home\/wp-json\/wp\/v2\/comments?post=264"}],"version-history":[{"count":0,"href":"https:\/\/lolli-test-bayern.de\/home\/wp-json\/wp\/v2\/pages\/264\/revisions"}],"wp:attachment":[{"href":"https:\/\/lolli-test-bayern.de\/home\/wp-json\/wp\/v2\/media?parent=264"}],"curies":[{"name":"wp","href":"https:\/\/api.w.org\/{rel}","templated":true}]}}