{"id":284,"date":"2021-12-29T13:18:00","date_gmt":"2021-12-29T12:18:00","guid":{"rendered":"https:\/\/pcr-pooltests-kitas-bayern.lederer4u.de\/?page_id=284"},"modified":"2021-12-29T13:18:00","modified_gmt":"2021-12-29T12:18:00","slug":"erfahrungs-und-presseberichte","status":"publish","type":"page","link":"https:\/\/lolli-test-bayern.de\/home\/erfahrungs-und-presseberichte\/","title":{"rendered":"Erfahrungs- und Presseberichte"},"content":{"rendered":"\n<p>In einigen Landkreisen und St\u00e4dten wurden bereits PCR-Pooltests in Kinderbetreuungseinrichtungen eingef\u00fchrt. Auf dieser Seite haben wir alle uns vorliegenden <a href=\"https:\/\/pcr-pooltests-kitas-bayern.lederer4u.de\/pressemeldungen\/\" data-type=\"page\" data-id=\"420\">Pressemitteilungen<\/a> sowie <a href=\"https:\/\/pcr-pooltests-kitas-bayern.lederer4u.de\/erfahrungsberichte\/\" data-type=\"page\" data-id=\"417\">Erfahrungsberichte<\/a> f\u00fcr Sie zusammengestellt. <\/p>\n\n\n\n<p>Falls Sie ebenfalls in Ihrer Einrichtung bereits PCR-Pooltests eingef\u00fchrt haben, dann freuen wir uns \u00fcber einen kurzen Erfahrungsbericht. Senden Sie uns diesen gerne per Mail an: <a href=\"mailto:lolli-pcr-tests_bayern@posteo.de\">lolli-pcr-tests_bayern@posteo.de<\/a><\/p>\n\n\n\n<p>Und sollten Sie als Einrichtungsleitung oder Elternbeirat weitere Informationen zur Einf\u00fchrung von PCR-Pooltests ben\u00f6tigen, so stellen wir gerne den Kontakt zu Einrichtungen her, die diese Tests bereits erfolgreich eingef\u00fchrt haben. Melden Sie sich gerne per Mail: <a href=\"mailto:lolli-pcr-tests_bayern@posteo.de\">lolli-pcr-tests_bayern@posteo.de<\/a> <\/p>\n","protected":false},"excerpt":{"rendered":"<p>In einigen Landkreisen und St\u00e4dten wurden bereits PCR-Pooltests in Kinderbetreuungseinrichtungen eingef\u00fchrt. Auf dieser Seite haben wir alle uns vorliegenden Pressemitteilungen sowie Erfahrungsberichte f\u00fcr Sie zusammengestellt. Falls Sie ebenfalls in Ihrer Einrichtung bereits PCR-Pooltests eingef\u00fchrt haben, dann freuen wir uns \u00fcber einen kurzen Erfahrungsbericht. Senden Sie uns diesen gerne per Mail an: lolli-pcr-tests_bayern@posteo.de Und sollten Sie&hellip;<\/p>\n","protected":false},"author":1,"featured_media":0,"parent":0,"menu_order":0,"comment_status":"closed","ping_status":"closed","template":"","meta":[],"_links":{"self":[{"href":"https:\/\/lolli-test-bayern.de\/home\/wp-json\/wp\/v2\/pages\/284"}],"collection":[{"href":"https:\/\/lolli-test-bayern.de\/home\/wp-json\/wp\/v2\/pages"}],"about":[{"href":"https:\/\/lolli-test-bayern.de\/home\/wp-json\/wp\/v2\/types\/page"}],"author":[{"embeddable":true,"href":"https:\/\/lolli-test-bayern.de\/home\/wp-json\/wp\/v2\/users\/1"}],"replies":[{"embeddable":true,"href":"https:\/\/lolli-test-bayern.de\/home\/wp-json\/wp\/v2\/comments?post=284"}],"version-history":[{"count":0,"href":"https:\/\/lolli-test-bayern.de\/home\/wp-json\/wp\/v2\/pages\/284\/revisions"}],"wp:attachment":[{"href":"https:\/\/lolli-test-bayern.de\/home\/wp-json\/wp\/v2\/media?parent=284"}],"curies":[{"name":"wp","href":"https:\/\/api.w.org\/{rel}","templated":true}]}}