{"id":301,"date":"2021-12-29T22:29:54","date_gmt":"2021-12-29T21:29:54","guid":{"rendered":"http:\/\/pcr-pooltests-kitas-bayern.lederer4u.de\/?page_id=301"},"modified":"2021-12-29T22:29:54","modified_gmt":"2021-12-29T21:29:54","slug":"downloads","status":"publish","type":"page","link":"https:\/\/lolli-test-bayern.de\/home\/downloads\/","title":{"rendered":"Elterninfos"},"content":{"rendered":"\n<p>Auf diesen Seiten finden Sie <a href=\"https:\/\/pcr-pooltests-kitas-bayern.lederer4u.de\/info-sammlung\/\" data-type=\"page\" data-id=\"428\">Informationen zum Thema PCR-Pool-Tests<\/a> f\u00fcr Eltern und Kita-Personal. <\/p>\n\n\n\n<p>Au\u00dferdem stellen wir <a href=\"https:\/\/pcr-pooltests-kitas-bayern.lederer4u.de\/musteranschreiben\/\" data-type=\"page\" data-id=\"426\">Musteranschreiben<\/a> zur Verf\u00fcgung, die genutzt werden k\u00f6nnen, um sich mit einer Forderung nach sicheren PCR-Pool-Tests an politische Entscheider zu wenden. <\/p>\n\n\n\n<p>Und wir stellen auch unsere Flyer zum Download bereit:<\/p>\n\n\n\n<h2 id=\"flyer\"><strong>Flyer<\/strong><\/h2>\n\n\n\n<p>Hier finden Sie unsere Flyer zum Download und Ausdrucken. <\/p>\n\n\n\n<div class=\"wp-container-4 wp-block-columns\">\n<div class=\"wp-container-1 wp-block-column\">\n<div class=\"wp-block-file\"><a id=\"wp-block-file--media-a05ec58e-057c-4e3f-bbd4-3668dac8e993\" href=\"https:\/\/pcr-pooltests-kitas-bayern.lederer4u.de\/wp-content\/uploads\/2021\/12\/FLYER_KITAS.pdf\" target=\"_blank\" rel=\"noreferrer noopener\">FLYER_KITAS<\/a><\/div>\n<\/div>\n\n\n\n<div class=\"wp-container-2 wp-block-column\">\n<div class=\"wp-block-file\"><a id=\"wp-block-file--media-5e3c159b-403a-4587-8af4-0c5b53cba2d7\" href=\"https:\/\/pcr-pooltests-kitas-bayern.lederer4u.de\/wp-content\/uploads\/2022\/01\/PLAKAT_A4.pdf\">PLAKAT_A4<\/a><\/div>\n<\/div>\n\n\n\n<div class=\"wp-container-3 wp-block-column\">\n<div class=\"wp-block-file\"><a id=\"wp-block-file--media-94beaf71-eb87-4110-b0e9-1e96eaf96f38\" href=\"https:\/\/pcr-pooltests-kitas-bayern.lederer4u.de\/wp-content\/uploads\/2021\/12\/Testverfahren_Kita_Uebersicht.pdf\" target=\"_blank\" rel=\"noreferrer noopener\">Testverfahren_Kita_\u00dcbersicht<\/a><\/div>\n<\/div>\n<\/div>\n","protected":false},"excerpt":{"rendered":"<p>Auf diesen Seiten finden Sie Informationen zum Thema PCR-Pool-Tests f\u00fcr Eltern und Kita-Personal. Au\u00dferdem stellen wir Musteranschreiben zur Verf\u00fcgung, die genutzt werden k\u00f6nnen, um sich mit einer Forderung nach sicheren PCR-Pool-Tests an politische Entscheider zu wenden. Und wir stellen auch unsere Flyer zum Download bereit: Flyer Hier finden Sie unsere Flyer zum Download und Ausdrucken.<\/p>\n","protected":false},"author":1,"featured_media":0,"parent":0,"menu_order":0,"comment_status":"closed","ping_status":"closed","template":"","meta":[],"_links":{"self":[{"href":"https:\/\/lolli-test-bayern.de\/home\/wp-json\/wp\/v2\/pages\/301"}],"collection":[{"href":"https:\/\/lolli-test-bayern.de\/home\/wp-json\/wp\/v2\/pages"}],"about":[{"href":"https:\/\/lolli-test-bayern.de\/home\/wp-json\/wp\/v2\/types\/page"}],"author":[{"embeddable":true,"href":"https:\/\/lolli-test-bayern.de\/home\/wp-json\/wp\/v2\/users\/1"}],"replies":[{"embeddable":true,"href":"https:\/\/lolli-test-bayern.de\/home\/wp-json\/wp\/v2\/comments?post=301"}],"version-history":[{"count":0,"href":"https:\/\/lolli-test-bayern.de\/home\/wp-json\/wp\/v2\/pages\/301\/revisions"}],"wp:attachment":[{"href":"https:\/\/lolli-test-bayern.de\/home\/wp-json\/wp\/v2\/media?parent=301"}],"curies":[{"name":"wp","href":"https:\/\/api.w.org\/{rel}","templated":true}]}}