{"id":349,"date":"2022-01-03T08:16:03","date_gmt":"2022-01-03T07:16:03","guid":{"rendered":"https:\/\/pcr-pooltests-kitas-bayern.lederer4u.de\/?page_id=349"},"modified":"2022-10-04T19:32:11","modified_gmt":"2022-10-04T19:32:11","slug":"faq-pooltests","status":"publish","type":"page","link":"https:\/\/lolli-test-bayern.de\/home\/faq-pooltests\/","title":{"rendered":"FAQ Pooltests"},"content":{"rendered":"\n<p>Auf dieser Seite beantworten wir h\u00e4ufig gestellte Fragen zum Thema PCR-Pool-Tests in Kitas. <br>Alle Angaben beziehen sich auf die aktuell geltenden Regelungen in <strong>bayerischen<\/strong> Kitas &#8211; f\u00fcr andere Bundesl\u00e4nder k\u00f6nnen abweichende Regelungen gelten:<\/p>\n\n\n\n<hr class=\"wp-block-separator has-css-opacity\"\/>\n\n\n\n<h4 id=\"was-passiert-wenn-mein-kind-einmal-nicht-am-pcr-pool-test-in-der-einrichtung-teilnehmen-kann\">Was passiert, wenn mein Kind einmal nicht am PCR-Pool-Test in der Einrichtung teilnehmen kann?<\/h4>\n\n\n\n<p>Sollte Ihr Kind an einem Tag mit Pooltestung einmal nicht (rechtzeitig) in der Einrichtung anwesend sein, dann kann es an diesem Tag nicht an der Testung teilnehmen. In diesem Fall empfehlen wir die Durchf\u00fchrung eines Antigen Schnelltest &#8211; insbesondere wenn grunds\u00e4tzlich Krankheitssymptome (&#8222;Rotznase&#8220;) bei guten Allgemeinbefinden vorliegen. Bei schwereren Symptomen (Husten, Fieber, Kopf-, Glieder- oder Bauchschmerzen) sollte n jedem Fall ein Arzt konsultiert werden, um eine m\u00f6gliche Corona-Infektion mittels PCR-Test abzukl\u00e4ren.<\/p>\n\n\n\n<hr class=\"wp-block-separator has-css-opacity\"\/>\n\n\n\n<h4 id=\"wie-erfolgt-die-testung-wenn-die-einrichtung-an-dem-betreffenden-tag-mit-pcr-pool-test-nicht-geoffnet-ist-z-b-feiertag-konzeptionstag\">Wie erfolgt die Testung, wenn die Einrichtung an dem betreffenden Tag mit PCR-Pool-Test nicht ge\u00f6ffnet ist (z.B. Feiertag, Konzeptionstag, &#8230;)?<\/h4>\n\n\n\n<p>Sollte die Einrichtung an einem Tag mit PCR-Pool-Test nicht ge\u00f6ffnet sein, so wird der Test <strong>nicht<\/strong> nachgeholt. Die Kinder werden in diesem Fall erst am n\u00e4chsten regul\u00e4ren Testtag wieder mittels PCR-Pool-Test getestet. Zur Sicherheit sollten die Eltern in diesem Fall vor dem n\u00e4chsten Besuch einen Selbsttest mit ihrem Kind durchf\u00fchren. Eine Verpflichtung hierzu besteht allerdings nicht.<\/p>\n\n\n\n<hr class=\"wp-block-separator has-css-opacity\"\/>\n\n\n\n<h4 id=\"was-passiert-wenn-sich-mein-kind-weigert-am-pcr-pool-test-zum-beispiel-im-rahmen-des-morgenkreises-teilzunehmen\">Was passiert, wenn sich mein Kind weigert, am PCR-Pool-Test zum Beispiel im Rahmen des Morgenkreises teilzunehmen?<\/h4>\n\n\n\n<p>Sollte die Einrichtung sich entschieden haben, die Probenentnahme mit allen Kindern im Rahmen des Morgenkreises durchzuf\u00fchren, dann erfolgt dies von den Kindern selbst unter Anleitung durch erfahrene und p\u00e4dagogisch ausgebildete Erzieher:innen. Trotzdem kann es nat\u00fcrlich vorkommen, dass ein Kind diese Prozedur verweigert. In diesem Fall sollte das betreffende Kind nicht von den anderen separiert werden. Um Stabilit\u00e4t und Konstanz in der Betreuung zu gew\u00e4hrleisten, werden die Eltern beim Abholen dar\u00fcber informiert, dass ihr Kind den Pooltest nicht mitgemacht hat. Es wird empfohlen f\u00fcr den n\u00e4chsten Tag einen alternativen Testnachweis zu erbringen. Zudem sollte am n\u00e4chsten Pooltesttag die Probenentnahme durch die Eltern w\u00e4hrend der Ankunftszeit in der Einrichtung erfolgen. Alles weitere sollten die Erzieher:innen dann mit den Eltern und dem betreffenden Kind besprechen.  <\/p>\n\n\n\n<hr class=\"wp-block-separator has-css-opacity\"\/>\n\n\n\n<h4 id=\"ist-die-teilnahme-am-pcr-pool-test-fur-mein-kind-verpflichtend\">Ist die Teilnahme am PCR-Pool-Test f\u00fcr mein Kind verpflichtend?<\/h4>\n\n\n\n<p>Nein. Ihr Kind nimmt nur am PCR-Pool-Test teil, wenn Sie dies durch eine Einwilligungserkl\u00e4rung<br>ausdr\u00fccklich w\u00fcnschen. <\/p>\n\n\n\n<hr class=\"wp-block-separator has-css-opacity\"\/>\n\n\n\n<h4 id=\"ist-es-moglich-die-zustimmung-zur-teilnahme-am-pcr-pool-test-auch-spater-zu-geben\">Ist es m\u00f6glich die Zustimmung zur Teilnahme am PCR-Pool-Test auch sp\u00e4ter zu geben?<\/h4>\n\n\n\n<p>Ja. Die Zustimmung zur Teilnahme am PCR-Pool-Testverfahren kann auch zu einem sp\u00e4teren Zeitpunkt gegeben werden. Dies ist im Einzelfall mit der Kita-Leitung abzustimmen.<\/p>\n\n\n\n<hr class=\"wp-block-separator has-css-opacity\"\/>\n\n\n\n<h4 id=\"mussen-alle-kinder-in-quarantane-wenn-der-pcr-pool-test-positiv-ist\">M\u00fcssen alle Kinder in Quarant\u00e4ne, wenn der PCR-Pool-Test positiv ist?<\/h4>\n\n\n\n<p>Nein. Bei einem positiven Pool werden die R\u00fcckstellproben aller an diesem Pool teilnehmenden Kinder getestet. Die Kinder, deren Einzelergebnis negativ ist, d\u00fcrfen am folgenden Tag die Einrichtung wieder besuchen. Kinder mit einem positiven Ergebnis m\u00fcssen in Isolation. Es gelten die aktuellen Regeln f\u00fcr Infizierte. <\/p>\n\n\n\n<hr class=\"wp-block-separator has-css-opacity\"\/>\n\n\n\n<h4 id=\"kann-es-trotz-pcr-pool-tests-zu-gruppenschliessungen-kommen\">Kann es trotz PCR-Pool-Tests zu Gruppenschlie\u00dfungen kommen?<\/h4>\n\n\n\n<p>Ja. Hierzu gibt es allerdings keine Vorgaben. Speziell wenn es zu vermehrten Krankheitsf\u00e4llen beim Personal kommt, sind m\u00f6gliche Gruppenschlie\u00dfungen nicht auszuschlie\u00dfen.<\/p>\n\n\n\n<hr class=\"wp-block-separator has-css-opacity\"\/>\n\n\n\n<h4 id=\"wird-der-ct-wert-angabe-zur-virenlast-bei-positiven-einzelproben-erfasst-und-mitgeteilt\">Wird der ct-Wert (Angabe zur Virenlast) bei positiven Einzelproben erfasst und mitgeteilt?<\/h4>\n\n\n\n<p>Dies h\u00e4ngt vom jeweiligen Labor ab. In der Regel wird aber der ct-Wert einer positiven Probe ermittelt und dem zust\u00e4ndigen Gesundheitsamt mitgeteilt. Nur das zust\u00e4ndige Gesundheitsamt entscheidet, welche Konsequenzen sich auf Basis dieser Information f\u00fcr die betroffene Familie ergeben.<\/p>\n\n\n\n<hr class=\"wp-block-separator has-css-opacity\"\/>\n\n\n\n<p>Weitere Informationen zu den PCR-Pool-Tests finden Sie auch auf den Seiten des \u201eBayerischen Staatsministeriums f\u00fcr Unterricht und Kultus\u201c (Quelle: <a rel=\"noreferrer noopener\" href=\"https:\/\/www.km.bayern.de\/allgemein\/meldung\/7451\/haeufig-gestellte-fragen-faq-zu-den-pooltests.html#fragen-materialien\" data-type=\"URL\" data-id=\"https:\/\/www.km.bayern.de\/allgemein\/meldung\/7451\/haeufig-gestellte-fragen-faq-zu-den-pooltests.html#fragen-materialien\" target=\"_blank\">Offizielle Seiten des Kultusministeriums<\/a>)<\/p>\n\n\n\n<p><strong>Ausz\u00fcge zu den wichtigsten Fragen hinsichtlich der Materialen und den Inhaltsstoffen bei Lollis:<\/strong><\/p>\n\n\n\n<p><em>Sind die Materialien unbedenklich?<\/em><\/p>\n\n\n\n<p>Ja. Es handelt sich ausnahmslos um Medizinprodukte mit den entsprechenden Zulassungen und\/oder Zertifizierungen. Die verwendeten Abstrichtupfer enthalten keine sch\u00e4dlichen Substanzen. Durch das Lutschen an den Abstrichtupfern werden keinerlei Stoffe an die Anwenderin bzw. den Anwender abgegeben. Die Sterilit\u00e4t der verwendeten Abstrichtupfer wurde vom Johner Institut Konstanz wissenschaftlich best\u00e4tigt. Das entsprechende Gutachten k\u00f6nnen Sie&nbsp;<a rel=\"noreferrer noopener\" href=\"https:\/\/www.km.bayern.de\/download\/26568_Gutachten-Johner-Institut.pdf\" target=\"_blank\">hier<\/a>&nbsp;einsehen.&nbsp;\u00dcberpr\u00fcfungen des Forschungszentrums J\u00fclich sowohl der Abstrichtupfer als auch der Verpackungsmaterialien auf etwaige R\u00fcckst\u00e4nde nach der Sterilisation haben zudem gezeigt, dass keinerlei Hinweise auf radioaktive Verunreinigungen zu erkennen sind.<\/p>\n\n\n\n<hr class=\"wp-block-separator has-css-opacity\"\/>\n\n\n\n<p><em>Enthalten die Abstrichtupfer Ethylenoxid oder andere gef\u00e4hrliche Stoffe?<\/em><\/p>\n\n\n\n<p>Die Abstrichtupfer enthalten keine gef\u00e4hrlichen Stoffe. Sie wurden mittels des validierten und zugelassenen Gammastrahlensterilisationsverfahrens behandelt, welches ein erprobtes und sicheres Verfahren f\u00fcr die Sterilisation von pharmazeutischen Produkten, Arzneimitteln und Medizinprodukten ist. Ein Sterilisationsprozess mittels Ethylenoxid-Sterilisation ist nicht zum Einsatz gekommen.<\/p>\n\n\n\n<p>Die Sterilit\u00e4t der verwendeten Abstrichtupfer wurde vom Johner Institut Konstanz wissenschaftlich best\u00e4tigt. Das entsprechende Gutachten k\u00f6nnen Sie&nbsp;<a rel=\"noreferrer noopener\" href=\"https:\/\/www.km.bayern.de\/download\/26568_Gutachten-Johner-Institut.pdf\" target=\"_blank\">hier<\/a>&nbsp;einsehen. \u00dcberpr\u00fcfungen des Forschungszentrums J\u00fclich, Abteilung f\u00fcr Immissions\u00fcberwachung und Radio\u00f6kologie, sowohl der Abstrichtupfer als auch der Verpackungsmaterialien auf etwaige R\u00fcckst\u00e4nde nach der Sterilisation haben zudem gezeigt, dass keinerlei Hinweise auf radioaktive Verunreinigungen zu erkennen sind. Das entsprechende Gutachten k\u00f6nnen Sie&nbsp;<a rel=\"noreferrer noopener\" href=\"https:\/\/www.km.bayern.de\/download\/26020_Gutachten-Pooltests.pdf\" target=\"_blank\">hier<\/a>&nbsp;einsehen.<\/p>\n\n\n\n<hr class=\"wp-block-separator has-css-opacity\"\/>\n\n\n\n<p>F\u00fcr weitere Fragen und Antworten bitte den Link bei der Quellangabe benutzen.<\/p>\n","protected":false},"excerpt":{"rendered":"<p>Auf dieser Seite beantworten wir h\u00e4ufig gestellte Fragen zum Thema PCR-Pool-Tests in Kitas. Alle Angaben beziehen sich auf die aktuell geltenden Regelungen in bayerischen Kitas &#8211; f\u00fcr andere Bundesl\u00e4nder k\u00f6nnen abweichende Regelungen gelten: Was passiert, wenn mein Kind einmal nicht am PCR-Pool-Test in der Einrichtung teilnehmen kann? Sollte Ihr Kind an einem Tag mit Pooltestung&hellip;<\/p>\n","protected":false},"author":1,"featured_media":0,"parent":0,"menu_order":0,"comment_status":"closed","ping_status":"closed","template":"","meta":[],"_links":{"self":[{"href":"https:\/\/lolli-test-bayern.de\/home\/wp-json\/wp\/v2\/pages\/349"}],"collection":[{"href":"https:\/\/lolli-test-bayern.de\/home\/wp-json\/wp\/v2\/pages"}],"about":[{"href":"https:\/\/lolli-test-bayern.de\/home\/wp-json\/wp\/v2\/types\/page"}],"author":[{"embeddable":true,"href":"https:\/\/lolli-test-bayern.de\/home\/wp-json\/wp\/v2\/users\/1"}],"replies":[{"embeddable":true,"href":"https:\/\/lolli-test-bayern.de\/home\/wp-json\/wp\/v2\/comments?post=349"}],"version-history":[{"count":1,"href":"https:\/\/lolli-test-bayern.de\/home\/wp-json\/wp\/v2\/pages\/349\/revisions"}],"predecessor-version":[{"id":544,"href":"https:\/\/lolli-test-bayern.de\/home\/wp-json\/wp\/v2\/pages\/349\/revisions\/544"}],"wp:attachment":[{"href":"https:\/\/lolli-test-bayern.de\/home\/wp-json\/wp\/v2\/media?parent=349"}],"curies":[{"name":"wp","href":"https:\/\/api.w.org\/{rel}","templated":true}]}}