{"id":381,"date":"2022-01-16T00:43:32","date_gmt":"2022-01-15T23:43:32","guid":{"rendered":"https:\/\/pcr-pooltests-kitas-bayern.lederer4u.de\/?page_id=381"},"modified":"2022-01-16T00:43:32","modified_gmt":"2022-01-15T23:43:32","slug":"offener-brief-an-staatsministerin-carolina-trautner","status":"publish","type":"page","link":"https:\/\/lolli-test-bayern.de\/home\/offener-brief-an-staatsministerin-carolina-trautner\/","title":{"rendered":"Offener Brief an Staatsministerin Carolina Trautner"},"content":{"rendered":"\n<p class=\"has-text-align-right\">Baiersdorf, den 16. Januar 2022<\/p>\n\n\n\n<h2>Sehr geehrte Frau Trautner,<\/h2>\n\n\n\n<p>wir wenden uns heute an Sie, weil wir schlicht nicht nachvollziehen k\u00f6nnen, warum das Staatsministerium f\u00fcr Familie, Arbeit und Soziales die Einf\u00fchrung von Lolli-PCR-Pooltests in Kitas derart strukturell verhindert, wie es zur Zeit geschieht.<\/p>\n\n\n\n<p>Sie sagen:<\/p>\n\n\n\n<p><em>&#8222;Wir haben ein System gesucht, in dem wir das Schutzniveau m\u00f6glichst hoch halten, das aber praktikabel ist und gut umsetzbar ist, wenig zus\u00e4tzliche Dokumentationspflichten f\u00fcr das Personal mit sich bringt &#8211; und nat\u00fcrlich basiert es auf Vertrauen.&#8220;<\/em> (BR Kontrovers vom 12.1.2022)<\/p>\n\n\n\n<p>Warum PCR Pooltests der einzig sinnvolle und wissenschaftlich nachgewiesene Infektionsschutz f\u00fcr kleine Kinder in der Kindertagesbetreuung vor allem in der sich nun aufbauenden Omikron-Welle sind, haben wir und viele andere Menschen Ihnen ja nun schon hinl\u00e4nglich erl\u00e4utert. Antigentests sind f\u00fcr kleine Kinder nicht ausreichend genau &#8211; es ist geradezu fahrl\u00e4ssig hier von einem m\u00f6glichst hohen Schutzniveau zu sprechen.<\/p>\n\n\n\n<p>Auch haben Sie mit Sicherheit bereits erfahren, dass die Pooltests keine zus\u00e4tzliche Belastung f\u00fcr das Kita-Personal darstellen. Vielmehr sch\u00fctzen diese Tests nicht nur die Kinder, sondern eben auch genau dieses Personal, das sich mit Hingabe und F\u00fcrsorge unseren Kindern widmet &#8211; und leider in vielen F\u00e4llen aufgrund einer Corona Erkrankung bis heute mit gesundheitlichen Problemen, ja sogar mit Dienstunf\u00e4higkeit zu k\u00e4mpfen hat. Und f\u00fcr den Fall, dass Sie hier noch zweifeln, h\u00f6ren Sie sich noch einmal diesen Beitrag aus dem Deutschlandfunk an:<\/p>\n\n\n\n<p><a href=\"https:\/\/www.deutschlandfunk.de\/kita-eltern-in-bayern-fordern-pcr-pflicht-9f17952f-0cdd-4cf4-b04e-52e4b744e-8c4d8f96-100.html\">https:\/\/www.deutschlandfunk.de\/kita-eltern-in-bayern-fordern-pcr-pflicht-9f17952f-0cdd-4cf4-b04e-52e4b744e-8c4d8f96-100.html<\/a><\/p>\n\n\n\n<p>&#8222;Vertrauen&#8220; hilft gegen Sars-CoV-2 ebenso wenig wie das Prinzip Hoffnung. Doch leider baut die Bayerische Staatsregierung &#8211; allen voran &#8222;Ihr Haus&#8220; &#8211; nach zwei Jahren Pandemie genau darauf und verkauft es uns B\u00fcrgern als Strategie und engmaschiges Sicherheitsnetz.<\/p>\n\n\n\n<p>Sie sagen:<\/p>\n\n\n\n<p><em>&#8222;Die Testkapazit\u00e4ten werden nicht von meinem Haus organisiert und die sind erheblich ausgeweitet worden. Und Sie d\u00fcrfen nicht vergessen, wir haben jetzt wieder ein Pandemiegeschehen mit h\u00f6heren Infektionszahlen. Das hei\u00dft, es wird auch mehr getestet als vorher.&#8220; &#8222;Und die Schnelltests haben sich auch weiterentwickelt.&#8220;<\/em> (BR Kontrovers 12.1.2022)<\/p>\n\n\n\n<p>Bereits seit dem Sommer weist der \u00d6ffentliche Gesundheitsdienst auf Bundesebene, das Robert-Koch-Institut, auf die Gefahren von neuen Infektionswellen hin. Zus\u00e4tzlich wurden bereits im Fr\u00fchjahr des letzten Jahres Pilotprojekte zur Evaluierung von seriellen Pooltestkonzepten auf PCR Basis durchgef\u00fchrt und erfolgreich abgeschlossen. Diese Informationen liegen also schon lange vor und wurden sogar von &#8222;Ihrem Haus&#8220; in verschiedenen Newslettern erw\u00e4hnt. Doch leider sehen Sie, Frau Trautner, sich offenbar nicht in der Lage, diese Informationen gemeinsam mit Ihren Kolleg:innen im Kabinett richtig zu bewerten. Leider stehen Sie doch nicht so &#8222;eindeutig auf der Seite der Kinder&#8220;, wie Sie sich selber gerne sehen! Sie schieben die Verantwortung konsequent von sich, sei es, dass Sie von der Vertrauenspartnerschaft zwischen Eltern und Kita-Personal sprechen oder auch der kommunalen Selbstverwaltung, die zu geringe Laborkapazit\u00e4ten mit innovativen Konzepten und regionalen Partnern l\u00f6sen k\u00f6nnte. Dabei w\u00e4re es doch Ihre Aufgabe als Mitglied der Staatsregierung die n\u00f6tigen Strukturen f\u00fcr einen fl\u00e4chendeckenden Schutz der Kinder zu schaffen. F\u00f6rdergeld allein ist kein Infektionsschutz!<\/p>\n\n\n\n<h3>Frau Trautner,<\/h3>\n\n\n\n<p>Sie lassen viele Familien in dieser Situation schlichtweg im Stich und nennen dies &#8222;ein m\u00f6glichst hohes Schutzniveau&#8220;.<\/p>\n\n\n\n<p>Statt kluger Strategien und wirksamer Tests, m\u00fcssen unsere Kinder, wir Familien und auch die Erzieher:innen sich nun in den meisten Einrichtungen dieses Landes auf die Genauigkeit eines M\u00fcnzwurfs verlassen, ob eine Infektion rechtzeitig erkannt wird &#8211; oder eben nicht.<\/p>\n\n\n\n<p>Nun sind wir engagierte Eltern und versuchen, unseren Kindern die PCR-Pooltests eben auf eigene Faust zu erm\u00f6glichen. Wir stellen fest, dass die Labore daf\u00fcr durchaus Kapazit\u00e4ten haben. Und wir stellen fest, dass unsere Kita-Tr\u00e4ger zwar mithelfen, aber heute nicht wissen, wie sie dann an die von &#8222;Ihrem Haus&#8220; bereitgestellten F\u00f6rdergelder kommen. Unser Landrat l\u00e4sst uns genauso im Regen stehen wie Sie. Und das hei\u00dft, dass nach aktueller Regelung keine F\u00f6rderung bewilligt wird. Denn leider ist der Kabinettsbeschluss vom 21.12.21 noch immer nicht umgesetzt &#8211; viele Landr\u00e4te und Oberb\u00fcrgermeister verweisen aber genau darauf und r\u00fchren jetzt keinen Finger. Sie verhalten sich wie Sie und reichen die Verantwortung immer an andere Stellen weiter &#8211; wahlweise nach oben oder nach unten.<\/p>\n\n\n\n<p>Und genau das ist der Grund, warum wir Ihnen eine strukturelle Verhinderung der Einf\u00fchrung von PCR-Pooltests vorwerfen.<\/p>\n\n\n\n<p>Jetzt, in einer ansteigenden Infektionswelle mit einer hochansteckenden Virusvariante, m\u00fcssen unsere ungeimpften Kinder, die sich auch durch andere Ma\u00dfnahmen nicht selber sch\u00fctzen k\u00f6nnen, besonderen Schutz erfahren. Doch tats\u00e4chlich werden Sie von Ihnen und den anderen Mitgliedern der Staatsregierung im Stich gelassen.<\/p>\n\n\n\n<p><strong>Bitte verstehen Sie uns richtig: Wir sind froh, dass es seit dem 10.1.2022 eine Testpflicht auch in Kitas gibt.<\/strong><\/p>\n\n\n\n<p>Aber durch die Missachtung wissenschaftlicher Erkenntnisse in der Pandemie, die unsichere Umsetzung und Ihre widerspr\u00fcchliche Kommunikation haben wir viel Vertrauen in die F\u00fchrung Ihres Hauses verloren.<\/p>\n\n\n\n<p>Warum haben Sie und die Staatsregierung die wissenschaftlichen Empfehlungen aus dem Sommer und auch Ihre eigenen Erkenntnisse aus dem Fr\u00fchjahr 2021 bei der Umsetzung der Testpflicht nicht ber\u00fccksichtigt?<\/p>\n\n\n\n<p>Einem gemeinsamen Dialog mit Ihnen und anderen Mitgliedern der Staatsregierung, in dem wir \u00fcber den notwendigen Schutz unserer Kinder in den einzelnen Einrichtungen sprechen, stehen wir jederzeit offen gegen\u00fcber. <\/p>\n\n\n\n<p>Wir hoffen sehr, dass Ihnen daran genauso gelegen ist wie uns.<\/p>\n\n\n\n<p>Hochachtungsvoll,<\/p>\n\n\n\n<p>Karoline und Florian Weber<br>J\u00fcrgen L.<br>Simone V.<br>Knut T.<br>Eva F.<br>Eva B.<br>Kerstin und Michael R.<br>Dominique H.<\/p>\n\n\n\n<p>und mehr als 15.400 Unterzeichner der Petition &#8222;<a rel=\"noreferrer noopener\" href=\"https:\/\/www.openpetition.de\/lollipcr\" target=\"_blank\">PCR-Pool-Tests in bayerischen Kitas &#8211; JETZT!<\/a>&#8220; <\/p>\n\n\n\n<p>Alle relevanten Informationen rund um PCR-Pooltests k\u00f6nnen Sie auf unserer Webseite nachlesen: <br><a href=\"https:\/\/pcr-pooltests-kitas-bayern.lederer4u.de\/\" target=\"_blank\" rel=\"noreferrer noopener\">https:\/\/pcr-pooltests-kitas-bayern.lederer4u.de\/<\/a><\/p>\n\n\n\n<p><\/p>\n\n\n\n<p><\/p>\n","protected":false},"excerpt":{"rendered":"<p>Baiersdorf, den 16. Januar 2022 Sehr geehrte Frau Trautner, wir wenden uns heute an Sie, weil wir schlicht nicht nachvollziehen k\u00f6nnen, warum das Staatsministerium f\u00fcr Familie, Arbeit und Soziales die Einf\u00fchrung von Lolli-PCR-Pooltests in Kitas derart strukturell verhindert, wie es zur Zeit geschieht. Sie sagen: &#8222;Wir haben ein System gesucht, in dem wir das Schutzniveau&hellip;<\/p>\n","protected":false},"author":1,"featured_media":0,"parent":0,"menu_order":0,"comment_status":"closed","ping_status":"closed","template":"","meta":[],"_links":{"self":[{"href":"https:\/\/lolli-test-bayern.de\/home\/wp-json\/wp\/v2\/pages\/381"}],"collection":[{"href":"https:\/\/lolli-test-bayern.de\/home\/wp-json\/wp\/v2\/pages"}],"about":[{"href":"https:\/\/lolli-test-bayern.de\/home\/wp-json\/wp\/v2\/types\/page"}],"author":[{"embeddable":true,"href":"https:\/\/lolli-test-bayern.de\/home\/wp-json\/wp\/v2\/users\/1"}],"replies":[{"embeddable":true,"href":"https:\/\/lolli-test-bayern.de\/home\/wp-json\/wp\/v2\/comments?post=381"}],"version-history":[{"count":0,"href":"https:\/\/lolli-test-bayern.de\/home\/wp-json\/wp\/v2\/pages\/381\/revisions"}],"wp:attachment":[{"href":"https:\/\/lolli-test-bayern.de\/home\/wp-json\/wp\/v2\/media?parent=381"}],"curies":[{"name":"wp","href":"https:\/\/api.w.org\/{rel}","templated":true}]}}