{"id":402,"date":"2022-01-29T16:36:07","date_gmt":"2022-01-29T15:36:07","guid":{"rendered":"https:\/\/pcr-pooltests-kitas-bayern.lederer4u.de\/?page_id=402"},"modified":"2022-07-18T19:27:09","modified_gmt":"2022-07-18T19:27:09","slug":"briefe-petition","status":"publish","type":"page","link":"https:\/\/lolli-test-bayern.de\/home\/briefe-petition\/","title":{"rendered":"Briefe &#038; Petition"},"content":{"rendered":"\n<p>Auf diesen Seiten finden Sie unsere offenen Briefe, mit denen wir uns am <a href=\"https:\/\/pcr-pooltests-kitas-bayern.lederer4u.de\/offener-brief-zur-teststrategie-in-bayerischen-kinderbetreuungseinrichtungen\/\" data-type=\"page\" data-id=\"267\">24.12.2021 an die Bayerische Staatsregierung<\/a> sowie am <a href=\"https:\/\/pcr-pooltests-kitas-bayern.lederer4u.de\/offener-brief-an-staatsministerin-carolina-trautner\/\" data-type=\"page\" data-id=\"381\">16.01.2022 an das Staatsministerium f\u00fcr Familie, Arbeit und Soziales<\/a> gewandt haben.<\/p>\n\n\n\n<p>Weiterhin stellen wir Ihnen hier den <a href=\"https:\/\/lolli-test-bayern.de\/wp-content\/uploads\/2022\/07\/Petition_Begruendung.pdf\">Wortlaut unserer Petition<\/a> zur Verf\u00fcgung, die wir am 25.01.2022 an Frau Doris Rauscher in ihrer Funktion als Vorsitzende im Ausschuss f\u00fcr Arbeit und Soziales, Jugend und Familie im Bayerischen Landtag \u00fcbergeben haben.<\/p>\n","protected":false},"excerpt":{"rendered":"<p>Auf diesen Seiten finden Sie unsere offenen Briefe, mit denen wir uns am 24.12.2021 an die Bayerische Staatsregierung sowie am 16.01.2022 an das Staatsministerium f\u00fcr Familie, Arbeit und Soziales gewandt haben. Weiterhin stellen wir Ihnen hier den Wortlaut unserer Petition zur Verf\u00fcgung, die wir am 25.01.2022 an Frau Doris Rauscher in ihrer Funktion als Vorsitzende&hellip;<\/p>\n","protected":false},"author":1,"featured_media":0,"parent":0,"menu_order":0,"comment_status":"closed","ping_status":"closed","template":"","meta":[],"_links":{"self":[{"href":"https:\/\/lolli-test-bayern.de\/home\/wp-json\/wp\/v2\/pages\/402"}],"collection":[{"href":"https:\/\/lolli-test-bayern.de\/home\/wp-json\/wp\/v2\/pages"}],"about":[{"href":"https:\/\/lolli-test-bayern.de\/home\/wp-json\/wp\/v2\/types\/page"}],"author":[{"embeddable":true,"href":"https:\/\/lolli-test-bayern.de\/home\/wp-json\/wp\/v2\/users\/1"}],"replies":[{"embeddable":true,"href":"https:\/\/lolli-test-bayern.de\/home\/wp-json\/wp\/v2\/comments?post=402"}],"version-history":[{"count":1,"href":"https:\/\/lolli-test-bayern.de\/home\/wp-json\/wp\/v2\/pages\/402\/revisions"}],"predecessor-version":[{"id":513,"href":"https:\/\/lolli-test-bayern.de\/home\/wp-json\/wp\/v2\/pages\/402\/revisions\/513"}],"wp:attachment":[{"href":"https:\/\/lolli-test-bayern.de\/home\/wp-json\/wp\/v2\/media?parent=402"}],"curies":[{"name":"wp","href":"https:\/\/api.w.org\/{rel}","templated":true}]}}