{"id":417,"date":"2022-02-04T22:06:04","date_gmt":"2022-02-04T21:06:04","guid":{"rendered":"https:\/\/pcr-pooltests-kitas-bayern.lederer4u.de\/?page_id=417"},"modified":"2022-02-04T22:06:04","modified_gmt":"2022-02-04T21:06:04","slug":"erfahrungsberichte","status":"publish","type":"page","link":"https:\/\/lolli-test-bayern.de\/home\/erfahrungsberichte\/","title":{"rendered":"Erfahrungsberichte"},"content":{"rendered":"\n<p><strong>Erfahrungsbericht einer Kindertagesst\u00e4tte aus dem Landkreis N\u00fcrnberger-Land:<\/strong><\/p>\n\n\n\n<p>Seit dem 8. Oktober 2021 werden die Tests jeweils dienstags und donnerstags in der Einrichtung durchgef\u00fchrt. An beiden Tagen <strong>m\u00fcssen<\/strong> die Kinder bis 8:30 Uhr im Kindergarten sein. Vor der Einf\u00fchrung wurde ein Elternabend durchgef\u00fchrt, um den Zweck der PCR Pooltests sowie deren Ablauf zu erl\u00e4utern.<\/p>\n\n\n\n<p>Zudem wurde ein Elternbrief verfasst und eine <strong>Einverst\u00e4ndniserkl\u00e4rung<\/strong> von den Eltern eingefordert.<\/p>\n\n\n\n<p>Beispiele f\u00fcr Einverst\u00e4ndniserkl\u00e4rungen k\u00f6nnen von \u00fcber die Internetseiten des <a href=\"https:\/\/www.km.bayern.de\/download\/25820_Einverst%C3%A4ndniserkl%C3%A4rung-PCR-Pooltest_13.09.pdf\" target=\"_blank\" rel=\"noreferrer noopener\">Kultusministeriums<\/a> oder des <a href=\"https:\/\/www.stmas.bayern.de\/kinderbetreuung\/pcr-pool-tests\/index.php\" target=\"_blank\" rel=\"noreferrer noopener\">Sozialministerium<\/a> heruntergeladen werden.<\/p>\n\n\n\n<p>Der Ablauf ist in jeder Gruppe gleich (au\u00dfer Krippe): <br>Stuhlkreis, Kinder machen selbstst\u00e4ndig den Lollitest, jedes Kind erh\u00e4lt von den Erzieherinnen mit Handschuhen und Maske das Wattest\u00e4bchen, ein CD-Spieler spielt das Lied \u201eLolli Pop, Lolli Pop\u201c, die Kinder machen 30 Sekunden lang den Lollitest, danach werden wieder alle Wattest\u00e4bchen eingesammelt.<\/p>\n\n\n\n<p>Bei den Krippenkindern unterst\u00fctzen die Eltern und machen den Lollitest zusammen mit den Kindern<\/p>\n\n\n\n<p>Die Proben werden von einem kommunalen Fahrdienst ins Labor (Krankenhauslabor in Lauf) transportiert, ab Januar \u00fcbernimmt der ASB die Logistik im Landkreis N\u00fcrnberger Land.<\/p>\n\n\n\n<p>Nachdem die Proben im Laufer Labor getestet wurden, erh\u00e4lt die Kindergartenleitung eine Ergebnismitteilung, die sie dann an die Eltern weiterleitet.<\/p>\n\n\n\n<p>War der Pool positiv, m\u00fcssen die Eltern zu Hause die R\u00fcckstellprobe mit ihren Kindern durchf\u00fchren. Das erforderliche Probenmaterial erhalten sie vom Kindergarten.<\/p>\n\n\n\n<p>Ab Januar wird die R\u00fcckstellprobe dann direkt m Kindergarten genommen. Dann lutschen die Kinder im Morgenkreis an zwei Wattest\u00e4bchen.<\/p>\n\n\n\n<p>Im Kindergarten wurden mittlerweile mehr als 130 Pools durchgef\u00fchrt &#8211; es gibt keine Probleme bei der Durchf\u00fchrung.<\/p>\n\n\n\n<p><strong>Aufwand f\u00fcr den Kindergarten (Logistik): <\/strong><\/p>\n\n\n\n<p>Elternkommunikation, Pools im Labor anmelden (geht \u00fcber das Internet), es d\u00fcrfen nicht mehr als 25 St\u00e4bchen pro Pool vorhanden sein, Zuordnung geht \u00fcber Strichcode, die Kinder behalten immer den gleichen Strichcode, der Pool ist fortlaufend<\/p>\n\n\n\n<p>Zitat der Leitung: <em><br>&#8222;CORONA GEH\u00d6RT IN UNSERE GESELLSCHAFT, UND WIR M\u00dcSSEN UNSERE KLEINSTEN DAVOR SCH\u00dcTZEN!&#8220;<\/em><\/p>\n\n\n\n<p>Pressemitteilung Landkreis N\u00fcrnberger-Land:<br>&#8222;<a rel=\"noreferrer noopener\" href=\"https:\/\/landkreis.nuernberger-land.de\/index.php?id=7103\" data-type=\"URL\" data-id=\"https:\/\/landkreis.nuernberger-land.de\/index.php?id=7103\" target=\"_blank\">PCR-Pooling-Tests f\u00fcr Kitas im Landkreis nehmen Fahrt auf<\/a>&#8222;.<\/p>\n","protected":false},"excerpt":{"rendered":"<p>Erfahrungsbericht einer Kindertagesst\u00e4tte aus dem Landkreis N\u00fcrnberger-Land: Seit dem 8. Oktober 2021 werden die Tests jeweils dienstags und donnerstags in der Einrichtung durchgef\u00fchrt. An beiden Tagen m\u00fcssen die Kinder bis 8:30 Uhr im Kindergarten sein. Vor der Einf\u00fchrung wurde ein Elternabend durchgef\u00fchrt, um den Zweck der PCR Pooltests sowie deren Ablauf zu erl\u00e4utern. Zudem wurde&hellip;<\/p>\n","protected":false},"author":1,"featured_media":0,"parent":0,"menu_order":0,"comment_status":"closed","ping_status":"closed","template":"","meta":[],"_links":{"self":[{"href":"https:\/\/lolli-test-bayern.de\/home\/wp-json\/wp\/v2\/pages\/417"}],"collection":[{"href":"https:\/\/lolli-test-bayern.de\/home\/wp-json\/wp\/v2\/pages"}],"about":[{"href":"https:\/\/lolli-test-bayern.de\/home\/wp-json\/wp\/v2\/types\/page"}],"author":[{"embeddable":true,"href":"https:\/\/lolli-test-bayern.de\/home\/wp-json\/wp\/v2\/users\/1"}],"replies":[{"embeddable":true,"href":"https:\/\/lolli-test-bayern.de\/home\/wp-json\/wp\/v2\/comments?post=417"}],"version-history":[{"count":0,"href":"https:\/\/lolli-test-bayern.de\/home\/wp-json\/wp\/v2\/pages\/417\/revisions"}],"wp:attachment":[{"href":"https:\/\/lolli-test-bayern.de\/home\/wp-json\/wp\/v2\/media?parent=417"}],"curies":[{"name":"wp","href":"https:\/\/api.w.org\/{rel}","templated":true}]}}