{"id":420,"date":"2022-02-04T22:11:14","date_gmt":"2022-02-04T21:11:14","guid":{"rendered":"https:\/\/pcr-pooltests-kitas-bayern.lederer4u.de\/?page_id=420"},"modified":"2022-02-04T22:11:14","modified_gmt":"2022-02-04T21:11:14","slug":"pressemeldungen","status":"publish","type":"page","link":"https:\/\/lolli-test-bayern.de\/home\/pressemeldungen\/","title":{"rendered":"Pressemeldungen"},"content":{"rendered":"\n<h3>Aktuelle Pressemitteilung (03.03.2022):<\/h3>\n\n\n\n<p>Ab Montag, dem 7. M\u00e4rz werden Lolli-PCR-Pooltests an den 5. und 6. Klassen aller bayerischen Schulen eingef\u00fchrt und l\u00f6sen damit die viel zu ungenauen Selbsttests ab. Das Kultusministerium begr\u00fcndet diesen richtigen Schritt zu mehr Gesundheitsschutz u.a. mit der niedrigen Impfquote in dieser Altersgruppe und der hohen Sensitivit\u00e4t der PCR-Pooltests (<a href=\"https:\/\/www.realschulebayern.de\/fileadmin\/brn\/schulleitung\/kms\/archiv_2021-22\/220222_1d.pdf\" target=\"_blank\" rel=\"noreferrer noopener\">1<\/a>).<\/p>\n\n\n\n<p>Eine zwangsl\u00e4ufig noch viel niedrigere Impfquote weisen die Kita-Kinder auf, da es f\u00fcr die Kleinsten noch immer keinen Impfstoff gegen das Corona-Virus gibt. Doch das f\u00fcr die Kitas zust\u00e4ndige bayerische Sozialministerium hat die Lolli-PCR-Pooltests noch immer nicht fl\u00e4chendeckend und verbindlich f\u00fcr alle Kita-Kinder eingef\u00fchrt.<\/p>\n\n\n\n<p>\u201eDort, wo altersbedingt keine AHA-Regeln eingehalten werden k\u00f6nnen, wo f\u00fcr die Mehrheit der Kinder keine Impfm\u00f6glichkeit besteht und es zumeist noch nicht mal Luftfilter gibt, str\u00e4ubt sich das Sozialministerium noch immer beharrlich, Lolli-PCR-Pooltests einzuf\u00fchren. Dabei ist dies der einzige Weg, der Durchseuchung der Kita-Kinder, ihrer Familien und der Erzieherinnen und Erzieher endlich Einhalt zu gebieten\u201c, stellt <strong>Florian Weber<\/strong> klar. Weber hat Ende Januar eine <strong>Petition <\/strong>(<a href=\"https:\/\/www.openpetition.de\/lollipcr\" target=\"_blank\" rel=\"noreferrer noopener\">2<\/a>, <a href=\"https:\/\/pcr-pooltests-kitas-bayern.lederer4u.de\/wp-content\/uploads\/2022\/01\/Petition_Begruendung.pdf\" target=\"_blank\" rel=\"noreferrer noopener\">3<\/a>) beim Bayerischen Landtag eingereicht, in der er und fast 16.000 Unterzeichner:innen die fl\u00e4chendeckende Einf\u00fchrung von Lolli-PCR-Pooltests in den bayerischen Kitas fordern.<\/p>\n\n\n\n<p>\u201eDas Sozialministerium muss dies zentral f\u00fcr alle Kitas regeln, so wie es auch das Kultusministerium f\u00fcr die Schulen tut\u201c, so Weber weiter. \u201eDie Tatsache, dass nun mitten in der andauernden, massiven Omikronwelle die Lolli-PCR-Pooltests an Schulen ausgeweitet werden, zeigt, dass der Verweis auf die fehlenden Testkapazit\u00e4ten der Labore nichts weiter als eine Ausrede war.\u201c Stattdessen wurde lediglich die F\u00f6rderrichtlinie angepasst, so dass auch kommunale Verwaltungen oder Tr\u00e4gerverb\u00e4nde einen finanziellen Ausgleich f\u00fcr die eigenverantwortliche Einf\u00fchrung der PCR-Pooltests erhalten k\u00f6nnen. Doch die damit verbundenen H\u00fcrden sind so hoch, dass nur wenige Kommunen diese Option bisher wahrnehmen konnten. \u201eDarauf haben wir das Sozialministerium mehrfach hingewiesen und konkrete Hindernisse aufgezeigt. Wir hoffen nun auf die neue Sozialministerin Ulrike Scharf, die wir j\u00fcngst in einem Brief auch um einen Gespr\u00e4chstermin gebeten haben. Sie hat die Chance, den Karren nun endlich aus dem Dreck zu ziehen\u201c, sagt Florian Weber.<\/p>\n\n\n\n<p><strong>Gerd Schnellinger, stellvertretender Landesvorsitzender der Gewerkschaft Erziehung und Wissenschaft (GEW) in Bayern,<\/strong> unterst\u00fctzt das Anliegen der Eltern: &#8222;Luftfilter und verpflichtende kindgerechte PCR-Pooltests sind f\u00fcr uns unverzichtbarer Bestandteil des Schutzkonzepts f\u00fcr eine sichere fr\u00fchkindliche Bildung. Offene Einrichtungen erfordern Schutzkonzepte, in dieser Welle und sicherlich auch in den k\u00fcnftigen Wellen. Nur so kann die Belastung von Kindern, Eltern und den Besch\u00e4ftigten im Rahmen gehalten werden. Aus R\u00fcckmeldungen vieler Kolleginnen und Kollegen wei\u00df ich, dass die Pooltests praktikabel sind und, richtig organisiert, auch keine \u00fcberm\u00e4\u00dfige Mehrbelastung. Ich hoffe, die Eltern finden endlich Geh\u00f6r bei der Staatsregierung. Eine Durchseuchung der Kinder wie aktuell darf nie wieder geschehen.&#8220;<\/p>\n\n\n\n<p>Die derzeitige F\u00f6rderrichtlinie verfehlt ihr Ziel, findet auch der <strong>Vorstand des Verbandes Kita-Fachkr\u00e4fte Bayern e.V.<\/strong> vertreten durch Veronika Lindner: \u201eEinige Landrats\u00e4mter lehnen die Pooltestungen kategorisch ab, andere geben die Verantwortung an die Tr\u00e4ger weiter, das Personal hat keine Zeit, sich um die Organisation zu k\u00fcmmern, Proben in Labore zu bringen, und auch die Beantragung der Finanzierung stellt sich als aufw\u00e4ndig dar. Deshalb werden leider nach wie vor in der Mehrheit der Kitas keine PCR-Pooltestungen umgesetzt. \u201c<\/p>\n\n\n\n<p>Aus Sicht der Eltern hat das Sozialministerium die Kita-Kinder, ihre Familien und das Personal ohne Schutzkonzept in die Omikron-Welle laufen lassen \u2013 mit den erwartbaren Konsequenzen: hohe Infektionszahlen f\u00fchrten zu fehlender Stabilit\u00e4t in der Betreuung aufgrund der Schlie\u00dfung von Gruppen oder ganzen Einrichtungen. Kinder und Erzieher:innen trugen die Infektionen weiter in ihre Familien. Besonders schlimm trifft dies Familien mit vorerkrankten Mitgliedern &#8211; sogenannte Schattenfamilien. Ihnen bleibt meist nur die vollst\u00e4ndige Selbstisolation, um das Risiko einer Infektion zu reduzieren.<\/p>\n\n\n\n<p>\u201eSchlimm genug, dass dies trotz aller Warnungen aus der Wissenschaft billigend in Kauf genommen wurde. Diese Fehler darf die Staatsregierung nicht wiederholen. Jetzt ist die Zeit, um f\u00fcr neue Infektionswellen im Herbst und Winter 2022 vorzusorgen. Daf\u00fcr braucht es endlich die verpflichtende, fl\u00e4chendeckende Umsetzung von PCR-Pooltests und Luftfilter in bayerischen Kitas.\u201c, formuliert <strong>Florian Weber <\/strong>die gemeinsame Forderungen bayerischer Familien und Erzieher:innen.<\/p>\n\n\n\n<h4>Anhang: <strong>Stellungnahme des Verbands Kita-Fachkr\u00e4fte Bayern e.V.<\/strong> <strong>im Wortlaut<\/strong><\/h4>\n\n\n\n<p>Uns als Vorstand des Verbandes f\u00fcr Kita-Fachkr\u00e4fte Bayern und den meisten unserer Mitglieder ist ein m\u00f6glichst hoher Schutz vor Ansteckungen mit dem Corona-Virus sehr wichtig. Ein Mittel, um dies zu erreichen sind die PCR-Pool-Testungen, die wir bereits seit langem fordern. F\u00fcr ein verpflichtendes und sicheres Testkonzept setzen wir uns bereits seit kurz nach unserer Gr\u00fcndung am 16.04.2021 ein, z.B. in unserer damaligen Stellungnahme, die Sie unter <a href=\"https:\/\/verband-kitafachkraefte-bayern.de\/clubdesk\/fileservlet?id=1000108\">https:\/\/verband-kitafachkraefte-bayern.de\/clubdesk\/fileservlet?id=1000108<\/a> finden k\u00f6nnen.&nbsp;<\/p>\n\n\n\n<p>Nach der Einf\u00fchrung der M\u00f6glichkeit der Nutzung der PCR-Pool-Testungen am 14.09. kritisierten wir bereits, dass die Organisation an Landrats\u00e4mter und Tr\u00e4ger, damit auch an die Kita-Leitungen abgegeben wurde (<a href=\"https:\/\/verband-kitafachkraefte-bayern.de\/clubdesk\/fileservlet?id=1000181\">https:\/\/verband-kitafachkraefte-bayern.de\/clubdesk\/fileservlet?id=1000181<\/a>). Die Erfahrung zeigt, dass diese Kritik berechtigt war. Einige Landrats\u00e4mter lehnten die Pool-Testungen kategorisch ab, andere gaben die Verantwortung an die Tr\u00e4ger weiter, das Personal in Kitas hatte keine Zeit sich um die Organisation zu k\u00fcmmern, Proben in Labore zu bringen und auch die Beantragung der Finanzierung stellt sich als aufwendig dar. Deshalb werden nach wie vor in sehr vielen Kitas keine PCR-Pool-Testungen umgesetzt.&nbsp;<\/p>\n\n\n\n<p>In den letzten Wochen haben viele Kitas aufgrund der sehr hohen Infektionszahlen Erfahrungen mit dem Corona-Virus und der unterschiedlichen Sensibilit\u00e4t von verschiedenen Testarten gesammelt. Dazu geh\u00f6rt beispielsweise die Erfahrung, dass die Schnelltests, welche aktuell \u00fcberwiegend in den Kitas eingesetzt werden, trotz eines positiven PCR- Tests negativ angeschlagen haben und positive F\u00e4lle dadurch nicht erkannt werden h\u00e4tten k\u00f6nnen. Dieses Problem kann durch die Einf\u00fchrung der PCR-Pool-Tests vermieden werden und zu mehr Schutz f\u00fchren, ganz zu schweigen vom sehr hohen b\u00fcrokratischen Aufwand der Ausstellung der Berechtigungsscheine. Deshalb kritisierten wir auch am 06.02. erneut das Fehlen der PCR-Pool-Tests in den Kitas (<a href=\"https:\/\/verband-kitafachkraefte-bayern.de\/clubdesk\/fileservlet?id=1000400\">https:\/\/verband-kitafachkraefte-bayern.de\/clubdesk\/fileservlet?id=1000400<\/a>).&nbsp;<\/p>\n\n\n\n<p>Auch wenn uns das Sozialministerium immer wieder dessen Sicht auf die Regelungen schilderte, sehen wir darin keinen Ausschluss f\u00fcr die Umsetzung der PCR-Pool-Testungen.&nbsp;<\/p>\n\n\n\n<p>Deshalb fordern wir auch weiter PCR-Pool-Tests sowohl f\u00fcr die Kita-Kinder, als auch das Kita-Personal.<\/p>\n\n\n\n<h2>\u00c4ltere Pressemeldungen<\/h2>\n\n\n\n<ul><li><a href=\"https:\/\/www.infranken.de\/lk\/nuernberg\/nuernberg-mutter-kaempft-fuer-lolli-pool-pcr-tests-in-kitas-stadt-sieht-wenig-bedarf-art-5382594\" target=\"_blank\" rel=\"noreferrer noopener\">04.02.2022 &#8211; infranken.de: &#8222;Ein Skandal&#8220;: Mutter k\u00e4mpft f\u00fcr Pool-PCR-Tests in Kitas, die Stadt sieht aber wenig Bedarf<\/a><\/li><li><a href=\"https:\/\/www.nn.de\/erlangen\/baiersdorf-eltern-ubergeben-petition-zu-pcr-tests-an-den-landtag-1.11769461\" target=\"_blank\" rel=\"noreferrer noopener\">29.01.2022 &#8211; nordbayern.de: Eltern \u00fcbergeben Petition zu PCR Tests an den Landtag<\/a><\/li><li><a rel=\"noreferrer noopener\" href=\"https:\/\/www.tag24.de\/muenchen\/pcr-corona-pooltests-fuer-kitas-in-bayern-fast-16000-unterschriften-bei-petition-im-freistaat-2303536\" target=\"_blank\">25.01.2022 &#8211; Tag24: PCR-Corona-Pooltests f\u00fcr Kitas: Fast 16.000 Unterschriften bei Petition!<\/a><\/li><li><a rel=\"noreferrer noopener\" href=\"https:\/\/www.tvo.de\/mediathek\/video\/corona-aktuell-in-bayern-vom-25-januar-2022\/\" target=\"_blank\">25.01.2022 &#8211; TVO: Corona-Aktuell in Bayern vom 25. Januar 2022<\/a><\/li><li><a rel=\"noreferrer noopener\" href=\"https:\/\/www.br.de\/nachrichten\/bayern\/elterninitiative-aus-baiersdorf-fordert-pcr-tests-in-der-kita,SvXaWUc\" target=\"_blank\">25.01.2022 &#8211; BR24: Elterninitiative aus Baiersdorf fordert PCR-Tests in der Kita<\/a><\/li><li><a rel=\"noreferrer noopener\" href=\"https:\/\/www.sueddeutsche.de\/bayern\/pcr-pooltest-kita-petition-1.5514928\" target=\"_blank\">25.01.2022 &#8211; S\u00fcddeutsche Zeitung: PCR-Pooltests f\u00fcr Kitas gefordert<\/a><\/li><li><a rel=\"noreferrer noopener\" href=\"https:\/\/www.br.de\/mediathek\/video\/abendschau-25012022-petition-kita-eltern-wollen-pcr-pool-tests-br-filmhighlights-2022-zu-gast-lenn-kudrjawizki-av:61ae0ed503e2060007533cc0\" target=\"_blank\">25.01.2022 &#8211; BR Abendschau: Kita-Eltern wollen PCR-Pool-Tests<\/a><\/li><li><a rel=\"noreferrer noopener\" href=\"https:\/\/www.mampa.eu\/elterninitiative-fordert-lolli-tests-in-kitas-2\/\" target=\"_blank\">19.01.2022 &#8211; mampa.de: Elterninitiative fordert Lolli-Tests in KiTas<\/a><\/li><li><a rel=\"noreferrer noopener\" href=\"https:\/\/www.augsburger-allgemeine.de\/bayern\/corona-tests-fuer-kinder-corona-testpflicht-in-kitas-eltern-kaempfen-fuer-lollitests-in-ganz-bayern-id61521941.html\" target=\"_blank\">18.01.2022 &#8211; Augsburger Allgemeine: Corona-Testpflicht in Kitas: Eltern k\u00e4mpfen f\u00fcr Lollitests in ganz Bayern<\/a><\/li><li><a href=\"https:\/\/www.nordbayern.de\/region\/erlangen\/corona-testpflicht-in-der-kita-sorgt-fur-gemischte-gefuhle-im-landkreis-erlangen-hochstadt-1.11719982\">14.01.2022 &#8211; nordbayern.de: Corona-Testpflicht in der Kita sorgt f\u00fcr gemischte Gef\u00fchle im Landkreis ERH<\/a><\/li><li><a rel=\"noreferrer noopener\" href=\"https:\/\/www.br.de\/mediathek\/video\/testnachweispflicht-in-kitas-selbsttests-bei-kindern-umstritten-av:61df401673b83500086f4342\" target=\"_blank\">12.01.2022 &#8211; BR Kontrovers: Selbsttests bei Kindern umstritten<\/a><\/li><li><a rel=\"noreferrer noopener\" href=\"https:\/\/www.frankenfernsehen.tv\/mediathek\/video\/eltern-und-kindergaerten-fordern-pooltests-fuer-alle-kinder\/\" target=\"_blank\">12.01.2022 &#8211; Frankenfernsehen: Eltern und Kinderg\u00e4rten fordern Pooltests f\u00fcr alle Kinder<\/a><\/li><li><a rel=\"noreferrer noopener\" href=\"https:\/\/www.deutschlandfunk.de\/kita-eltern-in-bayern-fordern-pcr-pflicht-9f17952f-0cdd-4cf4-b04e-52e4b744e-8c4d8f96-100.html\" target=\"_blank\">11.01.2022 &#8211; Deutschlandfunk: Kita-Eltern in Bayern fordern PCR-Pflicht<\/a><\/li><li><a rel=\"noreferrer noopener\" href=\"https:\/\/www.derwesten.de\/staedte\/duisburg\/doc-caro-duisburg-corona-schnelltest-selbsttest-pcr-test-kinder-kita-kindergarten-id234274031.html\" target=\"_blank\">10.01.2022 &#8211; derWesten.de: Doc Caro aus Duisburg mit klarer Ansage \u2013 strengere Regeln f\u00fcr Kitas?<\/a><\/li><li><a rel=\"noreferrer noopener\" href=\"https:\/\/www.ardmediathek.de\/video\/frankenschau-aktuell\/start-der-corona-testpflicht-in-kitas\/br-fernsehen\/Y3JpZDovL2JyLmRlL3ZpZGVvL2IzNTk5MmU0LWUwMzUtNDZlMi1hOTY0LTAyMjk3ODQ1NWJkYw\/\" target=\"_blank\">10.01.2022 &#8211; BR Frankenschau aktuell: Start der Corona-Testpflicht in Kitas<\/a><\/li><li><a rel=\"noreferrer noopener\" href=\"https:\/\/www.sat1.de\/regional\/bayern\/nachrichten\/kita-testpflicht-ab-heute-was-sagen-bayerns-eltern-clip\" target=\"_blank\">10.01.2022 &#8211; Sat1 Bayern 17:30: Kita-Testpflicht ab heute: Was sagen Bayerns Eltern? <\/a><\/li><li><a rel=\"noreferrer noopener\" href=\"https:\/\/www.nordbayern.de\/region\/erlangen\/baiersdorfer-initiative-sorgt-bundesweit-fur-schlagzeilen-1.11699754\" target=\"_blank\">06.01.2022 &#8211; nordbayern.de: Baiersdorfer Initiative sorgt bundesweit f\u00fcr Schlagzeilen<\/a><\/li><li><a rel=\"noreferrer noopener\" href=\"https:\/\/www.sat1.de\/regional\/bayern\/nachrichten\/corona-regeln-in-kitas-wie-wichtig-sind-tests-clip\" target=\"_blank\">06.01.2022 &#8211; Sat1 Bayern 17:30: Corona-Regeln in Kitas: Wie wichtig sind Tests?<\/a><\/li><li><a rel=\"noreferrer noopener\" href=\"https:\/\/www.br.de\/mediathek\/video\/corona-und-kitas-eltern-verlangen-regelmaessige-pcr-tests-av:61d5dd2a4e41af00082f12d2\" target=\"_blank\">05.01.2022 &#8211; BR Frankenschau aktuell: Eltern verlangen regelm\u00e4\u00dfige PCR Tests<\/a><\/li><li><a href=\"https:\/\/www.fraenkischertag.de\/lokales\/forchheim-fraenkischeschweiz\/gesundheit\/kitas-und-corona-baiersdorfer-elterninitiative-startet-petition-fuer-pcr-pool-tests-art-109637\">04.01.2022 &#8211; Fr\u00e4nkischer Tag: Baiersdorfer Eltern verlangen Pool-Tests in Kitas<\/a><\/li><li><a rel=\"noreferrer noopener\" href=\"https:\/\/www.infranken.de\/lk\/erlangenhoechstadt\/fraenkische-initiative-startet-petition-fuer-pcr-tests-an-kitas-eltern-muessen-beim-testen-entlastet-werden-art-5364110\" target=\"_blank\">03.01.2022 &#8211; inFranken.de: Testpflicht in Kitas gilt ab 10. Januar in Bayern: Elterninitiative startet Petition<\/a><\/li><li><a rel=\"noreferrer noopener\" href=\"https:\/\/www.sueddeutsche.de\/bayern\/kindergaerten-baiersdorf-eltern-starten-online-petition-fuer-pcr-tests-in-kitas-dpa.urn-newsml-dpa-com-20090101-220103-99-574472\" target=\"_blank\">03.01.2022 &#8211; S\u00fcddeutsche Zeitung: Eltern starten Online-Petition f\u00fcr PCR-Tests in Kitas<\/a><\/li><li><a rel=\"noreferrer noopener\" href=\"https:\/\/www.br.de\/nachrichten\/bayern\/elterninitiative-fordert-bayernweite-pcr-tests-in-kitas,StSNBk9\" target=\"_blank\">03.01.2022 &#8211; BR24: Elterninitiative fordert bayernweite PCR-Tests in Kitas<\/a><\/li><li><a rel=\"noreferrer noopener\" href=\"https:\/\/www.nordbayern.de\/region\/nuernberg\/testpflicht-in-kitas-sorgt-bei-eltern-fur-kritik-1.11659479\" target=\"_blank\">01.01.2022 &#8211; nordbayern.de: Testpflicht in Kitas sorgt bei Eltern f\u00fcr Kritik<\/a><\/li><li><a rel=\"noreferrer noopener\" href=\"https:\/\/www.mainpost.de\/regional\/wuerzburg\/gesundheitsamt-wuerzburg-wirbt-fuer-lolli-tests-an-kitas-art-10707211\" target=\"_blank\">30.12.2021 &#8211; Main Post: Gesundheitsamt W\u00fcrzburg wirbt f\u00fcr Lolli-Tests an Kitas<\/a><\/li><li><a rel=\"noreferrer noopener\" href=\"https:\/\/www.nordbayern.de\/region\/erlangen\/baiersdorfer-eltern-haben-bayernweite-petition-gestartet-1.11655162\" target=\"_blank\">23.12.2021 &#8211; nordbayern.de: Baiersdorfer Eltern haben bayernweite Petition gestartet<\/a><\/li><li><a rel=\"noreferrer noopener\" href=\"https:\/\/www.mainpost.de\/regional\/wuerzburg\/nach-kritik-an-pool-testungen-fuer-wuerzburgs-kitas-start-verlaeuft-problemlos-art-10700938\" target=\"_blank\">16.12.2021 &#8211; Main Post: Nach Kritik an Pool-Testungen f\u00fcr W\u00fcrzburgs Kitas: Start verl\u00e4uft problemlos<\/a><\/li><li><a rel=\"noreferrer noopener\" href=\"https:\/\/www.infranken.de\/lk\/hof\/landkreis-hof-pooltests-seit-anfang-september-in-kita-gruppen-moeglich-so-viele-einrichtungen-nutzen-sie-art-5353895\" target=\"_blank\">14.12.2021 &#8211; inFranken: Landkreis Hof &#8211; Seit Anfang Dezember: Pooltests in Kita-Gruppen m\u00f6glich<\/a><\/li><li><a rel=\"noreferrer noopener\" href=\"https:\/\/n-land.de\/lokales\/in-den-kitas-sind-pool-tests-die-ausnahme\" target=\"_blank\">10.12.2021 &#8211; n-land.de: In den Kitas sind Pool-Tests die Ausnahme<\/a><\/li><li><a rel=\"noreferrer noopener\" href=\"https:\/\/www.br.de\/mediathek\/video\/frankenschau-aktuell-07122021-brk-intensivtransporter-familienleben-in-corona-zeiten-weihnachtspaeckchen-fuers-ahrtal-av:617290f3ed674c0007065975\" target=\"_blank\">07.12.2021 &#8211; BR Frankenschau aktuell: (ab Minute 11:30) Interview mit Christian G\u00fcndling (Kita Leitung in W\u00fcrzburg)<\/a><\/li><li><a rel=\"noreferrer noopener\" href=\"http:\/\/Pressemitteilung der GEW Bayern zum Testkonzept in Kitas (07.12.2021)\" target=\"_blank\">07.12.2021 &#8211; Pressemitteilung der GEW Bayern zum Testkonzept in Kitas<\/a><\/li><li>Stadt Augsburg: <a rel=\"noreferrer noopener\" href=\"https:\/\/www.augsburg.de\/umwelt-soziales\/kindertagesbetreuung-in-augsburg\/kita-stadt-augsburg\/aktuelles\/2021\/augsburger-kitas-fuehren-pcr-pooltests-ab-dem-15-dezember-ein-verbindliche-testnachweispflicht-gilt-ab-dem-10-januar-2022\" target=\"_blank\">Augsburger Kitas f\u00fchren PCR-Pooltests ab dem 15. Dezember 2021 ein<\/a><\/li><li>Landkreis W\u00fcrzburg: <a rel=\"noreferrer noopener\" href=\"https:\/\/www.landkreis-wuerzburg.de\/Auf-einen-Klick\/Aktuelles\/Wie-laufen-die-Corona-Pooltests-in-Kitas-in-Stadt-und-Landkreis-10-weitere-Kitas-machen-ab-Januar-2022-mit.php?object=tx,2680.5.1&amp;ModID=7&amp;FID=2680.26972.1&amp;NavID=2680.230&amp;La=1#\" target=\"_blank\">Wie laufen die Corona-Pooltests in Kitas in Stadt und Landkreis?<\/a><\/li><\/ul>\n\n\n\n<p><\/p>\n","protected":false},"excerpt":{"rendered":"<p>Aktuelle Pressemitteilung (03.03.2022): Ab Montag, dem 7. M\u00e4rz werden Lolli-PCR-Pooltests an den 5. und 6. Klassen aller bayerischen Schulen eingef\u00fchrt und l\u00f6sen damit die viel zu ungenauen Selbsttests ab. Das Kultusministerium begr\u00fcndet diesen richtigen Schritt zu mehr Gesundheitsschutz u.a. mit der niedrigen Impfquote in dieser Altersgruppe und der hohen Sensitivit\u00e4t der PCR-Pooltests (1). Eine zwangsl\u00e4ufig&hellip;<\/p>\n","protected":false},"author":1,"featured_media":0,"parent":0,"menu_order":0,"comment_status":"closed","ping_status":"closed","template":"","meta":[],"_links":{"self":[{"href":"https:\/\/lolli-test-bayern.de\/home\/wp-json\/wp\/v2\/pages\/420"}],"collection":[{"href":"https:\/\/lolli-test-bayern.de\/home\/wp-json\/wp\/v2\/pages"}],"about":[{"href":"https:\/\/lolli-test-bayern.de\/home\/wp-json\/wp\/v2\/types\/page"}],"author":[{"embeddable":true,"href":"https:\/\/lolli-test-bayern.de\/home\/wp-json\/wp\/v2\/users\/1"}],"replies":[{"embeddable":true,"href":"https:\/\/lolli-test-bayern.de\/home\/wp-json\/wp\/v2\/comments?post=420"}],"version-history":[{"count":0,"href":"https:\/\/lolli-test-bayern.de\/home\/wp-json\/wp\/v2\/pages\/420\/revisions"}],"wp:attachment":[{"href":"https:\/\/lolli-test-bayern.de\/home\/wp-json\/wp\/v2\/media?parent=420"}],"curies":[{"name":"wp","href":"https:\/\/api.w.org\/{rel}","templated":true}]}}