{"id":465,"date":"2022-06-22T21:48:41","date_gmt":"2022-06-22T19:48:41","guid":{"rendered":"https:\/\/pcr-pooltests-kitas-bayern.lederer4u.de\/?page_id=465"},"modified":"2022-06-22T21:48:41","modified_gmt":"2022-06-22T19:48:41","slug":"offener-brief-an-staatsminister-klaus-holetschek","status":"publish","type":"page","link":"https:\/\/lolli-test-bayern.de\/home\/offener-brief-an-staatsminister-klaus-holetschek\/","title":{"rendered":"Offener Brief an Staatsminister Klaus Holetschek"},"content":{"rendered":"\n<p class=\"has-text-align-right\">Baiersdorf, den 23. Juni 2022<\/p>\n\n\n\n<h2>Sehr geehrter Herr Holetschek,<\/h2>\n\n\n\n<p>mit einiger \u00dcberraschung haben wir die Pressemeldung Ihres Hauses vom 17.6.2022 zum Thema \u201ePr\u00e4vention\u201c<sup><a href=\"https:\/\/www.stmgp.bayern.de\/presse\/holetschek-wirbt-fuer-mehr-eigenverantwortung-fuer-die-eigene-gesundheit-bayerns\/\" target=\"_blank\" rel=\"noreferrer noopener\">1<\/a><\/sup> zur Kenntnis genommen. In dieser Pressemitteilung werden Sie mit folgenden Worten zitiert:<\/p>\n\n\n\n<p class=\"has-text-align-right\">\u201e<em>Die letzten Jahre haben uns nochmal verdeutlicht, wie wichtig Gesundheit f\u00fcr jeden von uns ist. Dabei ist Pr\u00e4vention das A und O. Es besteht kein Zweifel daran, dass eine gesunde Lebensweise die beste Voraussetzung ist, das Immunsystem zu st\u00e4rken und Krankheiten vorzubeugen.\u201c<\/em><\/p>\n\n\n\n<p>Sie haben vollkommen Recht, wenn Sie sagen, dass Gesundheit f\u00fcr jeden von uns wichtig ist. Und nat\u00fcrlich ist Pr\u00e4vention die beste Ma\u00dfnahme, um Krankheiten zu begegnen. Denn jede Krankheit, die aufgrund pr\u00e4ventiver Ma\u00dfnahmen gar nicht erst entsteht, ist ein Erfolg.<\/p>\n\n\n\n<p>Umso verwunderter nehmen wir zur Kenntnis, dass Sie in Bezug auf Pr\u00e4vention f\u00fcr mehr \u201eEigenverantwortung\u201c werben. Unser Ansicht nach ist es nat\u00fcrlich richtig, dass jede und jeder einzelne eigenverantwortlich handeln muss, um die eigene Gesundheit zu erhalten. In besonderen Situationen kommt diese Eigenverantwortung jedoch an ihre Grenzen.<\/p>\n\n\n\n<p>Ein gutes Beispiel daf\u00fcr ist der Nichtraucherschutz. Aus der Verantwortung f\u00fcr die eigene Gesundheit entscheiden sich viele Menschen daf\u00fcr ein rauchfreies Leben zu f\u00fchren. Vor Einf\u00fchrung eines gesetzlichen Nichtraucherschutzes, war dies aber nicht \u00fcberall m\u00f6glich. So lange das Rauchen in \u00f6ffentlichen Innenr\u00e4umen erlaubt war, konnten sich Nichtraucher nicht eigenverantwortlich in allen Situationen sch\u00fctzen. Hier hat der Gesetzgeber die Rahmenbedingungen ver\u00e4ndert, um den Schutz all derjenigen sicherzustellen, die die gesundheitlichen Risiken durch Verzicht auf das Rauchen reduzieren wollen. Wir stellen also fest, dass Pr\u00e4vention nicht nur in Eigenverantwortung jeder einzelnen Person liegt, sondern auch durch staatliches Handeln unterst\u00fctzt werden muss.<\/p>\n\n\n\n<p>Ein weiteres Beispiel in diesem Kontext ist die gesundheitliche Aufkl\u00e4rung. Auch hier hat der Gesetzgeber in Bezug auf das Rauchen die Rahmenbedingungen derart ver\u00e4ndert, dass durch eindeutige Benennung der gesundheitlichen Risiken und Kennzeichnung der betroffenen Produkte jede Person bewusst mit den m\u00f6glichen Folgen ihres Handelns konfrontiert wird. Die explizite Darstellung von Krankheiten in Form von Bildern auf den Zigarettenpackungen ist also ebenfalls aufgrund staatlichen Handelns zum Zwecke der Pr\u00e4vention eingef\u00fchrt worden.<\/p>\n\n\n\n<p>\u00dcbertragen wir das vorstehende auf die aktuelle Situation in Bezug auf die SARS-COV-2 Pandemie, so stellen wir fest, dass auch hier eigenverantwortlichem Handeln enge Grenzen gesetzt sind. Vor allem Bereiche, in denen die betroffenen Personen gar nicht eigenverantwortlich handeln k\u00f6nnen, werden derzeit durch den Gesetzgeber vollkommen vernachl\u00e4ssigt.<\/p>\n\n\n\n<p>Als Eltern von Kindern im Kindergartenalter, als B\u00fcrger:innen dieses Landes und als Petent:innen der Sammelpetition \u201ePCR-Pool-Tests in bayerischen Kitas \u2013 JETZT!\u201c<sup><a href=\"https:\/\/pcr-pooltests-kitas-bayern.lederer4u.de\/wp-content\/uploads\/2022\/01\/Petition_Begruendung.pdf\">2<\/a><\/sup> mit knapp 16.000 Unterzeichner:innen haben wir uns in den vergangenen Monaten immer wieder an die Staatsregierung, Sie pers\u00f6nlich und vor allem das Ministerium f\u00fcr Familie, Arbeit und Soziales (StMAS) gewandt. Seit Oktober 2021 bem\u00fchen wir uns darum, dass Lolli-PCR-Pool-Tests in unseren KiTas eingef\u00fchrt werden, um unseren Kindern w\u00e4hrend der Pandemie endlich die erforderliche <strong>Teilhabe und fr\u00fchkindliche Bildung<\/strong> in einer <strong>gesch\u00fctzten Umgebung<\/strong> zu erm\u00f6glichen. Denn weder die zeitweilig geltende Testnachweispflicht mit Antigentests auf Vertrauensbasis noch das F\u00f6rderprogramm des StMAS f\u00fcr PCR-Pool-Tests f\u00fchren zu einer effektiven Verbesserung des Infektions- und Gesundheitsschutzes in den Einrichtungen vor Ort.<\/p>\n\n\n\n<p>Uns besorgt vor allem die aktuelle Sorglosigkeit, die landesweit in Bezug auf die Pandemie und die weiterhin extrem hohen Infektionszahlen herrscht. Es gibt mittlerweile viele Erkenntnisse, die ein sehr beunruhigendes Bild \u00fcber m\u00f6gliche Risiken und Langzeitfolgen einer SARS-COV-2 Infektion zeichnen. Auch wenn die akute Erkrankung derzeit zu einer vergleichsweise niedrigen Zahl schwerer Verl\u00e4ufe f\u00fchrt, zeigen die wissenschaftlichen Analysen weltweit, dass nach einer \u00fcberstandenen akuten Covid-19 Erkrankung viele verschiedene teils schwerwiegende Langzeitfolgen auftreten.<\/p>\n\n\n\n<ol><li><strong>Long COVID:<\/strong> <br>Hierzu gibt es viele wissenschaftliche und medizinische Untersuchungen. Es zeigt sich, dass das Risiko dieser f\u00fcr die Betroffenen mit schwerwiegenden gesundheitlichen Einschr\u00e4nkungen einhergehenden Erkrankung bei etwa 10-15% nach \u00fcberstandener SARS-COV-2 Infektion liegt. Dabei ist die schwere der akuten Erkrankung nicht entscheidend.<sup><a href=\"https:\/\/www.zusammengegencorona.de\/covid-19\/long-covid-langzeitfolgen-einer-covid-19-erkrankung\/\">3<\/a><\/sup> <sup><a rel=\"noreferrer noopener\" href=\"https:\/\/www.awmf.org\/uploads\/tx_szleitlinien\/020-027l_S1_Post_COVID_Long_COVID_2021-07.pdf\" target=\"_blank\">4<\/a><\/sup> Auch Kinder und Jugendliche sind mit einem Risiko von ca. 10% nach \u00fcberstandener SARS-COV-2 Infektion von dieser Erkrankung betroffen.<sup><a rel=\"noreferrer noopener\" href=\"https:\/\/www.nature.com\/articles\/d41586-021-01935-7\" target=\"_blank\">5<\/a><\/sup> Unbestritten ist, dass Long COVID eine erhebliche Beeintr\u00e4chtigung in Bezug auf die Entwicklung unserer Kinder darstellen wird. Die erfolgreiche Pr\u00e4vention dieser Erkrankung kann nur durch das Verhindern der vorausgehenden SARS-COV-2 Infektion erreicht werden. Aufgrund des erheblichen Risikos f\u00fcr den Erwerb von Long COVID unter den Randbedingungen des aktuellen Infektionsgeschehens ist eigenverantwortliches Handeln als einzige Ma\u00dfnahme nicht vertretbar. Der Gesetzgeber muss hier zus\u00e4tzliche Schutzm\u00f6glichkeiten umsetzen.<br><br><strong>Was werden Sie in Bezug auf Kinderbetreuungseinrichtungen sowie Schulen in Bayern unternehmen, um den Risiken von Long COVID pr\u00e4ventiv zu begegnen?<\/strong><br><br><\/li><li><strong>Herzerkrankungen:<\/strong> <br>Das individuelle Risiko einer Herzerkrankung (Insuffizienz, Herzinfarkt, Herzmuskelentz\u00fcndung \u2026) innerhalb von 12 Monaten nach \u00fcberstandener SARS-COV-2 I Infektion steigt um etwa 60% gegen\u00fcber Personen, die keine SARS-COV-2 Infektion durchgemacht haben. Die Schwere der durchgemachten Infektion hat dabei offenbar einen Effekt: Eine \u201emilde\u201c Erkrankung erh\u00f6ht das Risiko aber immer noch um etwa 40% <sup><a rel=\"noreferrer noopener\" href=\"https:\/\/www.scientificamerican.com\/article\/even-mild-covid-can-increase-the-risk-of-heart-problems\/?amp;text=Even\" target=\"_blank\">6<\/a><\/sup> <sup><a href=\"https:\/\/www.news-medical.net\/health\/COVID-19-and-Heart-Damage.aspx\">7<\/a><\/sup> <sup><a rel=\"noreferrer noopener\" href=\"https:\/\/www.science.org\/content\/article\/covid-19-takes-serious-toll-heart-health-full-year-after-recovery\" target=\"_blank\">8<\/a><\/sup> . Selbst wenn Kinder und Jugendliche in diesem Zusammenhang m\u00f6glicherweise geringeren Risiken unterliegen w\u00fcrden, besteht weiterhin die Problematik, dass durch den engen Kontakt mit Erwachsenen in Familien und Betreuungseinrichtungen die Weitergabe der Infektion nahezu unvermeidlich ist. Dadurch erh\u00f6hen sich grundlegend die Risiken einer Herzerkrankung f\u00fcr Menschen, die engen Kontakt zu Kindern haben. Pr\u00e4ventiv kann dieser Problematik nur begegnet werden, wenn das Infektionsgeschehen erheblich einged\u00e4mmt wird. Eigenverantwortlich handeln hie\u00dfe in diesem Zusammenhang, dass Kinder und Jugendliche m\u00f6glichst keine Schule oder Betreuungseinrichtung aufsuchen sollten, da dort aktuell keine oder nur sehr eingeschr\u00e4nkte Schutzma\u00dfnahmen bestehen. Auch hier ist der Gesetzgeber also gefordert, um Pr\u00e4vention zu erm\u00f6glichen.<br><br><strong>Was werden Sie in Bezug auf Kinderbetreuungseinrichtungen sowie Schulen in Bayern unternehmen, um den Risiken von Herzerkrankungen infolge von SARS-COV-2 Infektionen pr\u00e4ventiv zu begegnen?<\/strong><br><br><\/li><li><strong>Ver\u00e4nderungen der Gehirnstruktur \/ Einfluss auf die Entwicklung von Kindern und Jugendlichen<\/strong> Verschiedene Studien haben den Einfluss einer SARS-COV-2 Infektion auf strukturelle Ver\u00e4nderungen des Gehirns untersucht. In einer britischen Studie konnte gezeigt werden, dass eine SARS-COV-2 Infektion zu einem Verlust von grauer Substanz im Gehirn f\u00fchren kann.<sup><a rel=\"noreferrer noopener\" href=\"https:\/\/www.nature.com\/articles\/s41586-022-04569-5\" target=\"_blank\">9<\/a><\/sup> Sicherlich l\u00e4sst sich diese Untersuchung aktuell noch nicht verallgemeinern. Aber es stellt f\u00fcr uns doch ein schwerwiegendes Indiz dar, dass mit einer SARS-COV-2 Infektion derzeit noch unbekannte oder nicht vollst\u00e4ndig verstandene Risiken in Bezug auf die Gehirnentwicklung einhergehen. Welchen Einfluss dies auf die Entwicklung von Kindern und Jugendlichen hat, ist aktuell noch nicht abzusehen. Unter diesen Umst\u00e4nden ist Infektionspr\u00e4vention die einzige sinnvolle und zielf\u00fchrende Ma\u00dfnahme. Diese muss durch den Gesetzgeber zwingend unterst\u00fctzt werden, da ein auf Eigenverantwortung zielender Ansatz gerade in Kinderbetreuungseinrichtungen und Schulen nicht m\u00f6glich ist.<br><br><strong>Was werden Sie in Bezug auf Kinderbetreuungseinrichtungen sowie Schulen in Bayern unternehmen, um den Risiken von Entwicklungsst\u00f6rungen infolge von SARS-COV-2 Infektionen pr\u00e4ventiv zu begegnen?<\/strong><br><br><\/li><li><strong>Weitere Folgeerkrankungen<\/strong> Neben den vorgenannten SARS-COV-2 induzierten Risiken bestehen weitere Risiken, die sich unmittelbar und teils mit schwerwiegenden gesundheitlichen Auswirkungen auch bei Kindern und Jugendlichen zeigen. Hierzu geh\u00f6ren<\/li><\/ol>\n\n\n\n<ul><li>Paediatric multisystem inflammatory syndrome &#8211; PIMS<sup><a href=\"https:\/\/www.who.int\/publications\/i\/item\/multisystem-inflammatory-syndrome-in-children-and-adolescents-with-covid-19\" target=\"_blank\" rel=\"noreferrer noopener\">10<\/a><\/sup> <sup><a href=\"https:\/\/dgpi.de\/pims-survey-update\/\" target=\"_blank\" rel=\"noreferrer noopener\">11<\/a><\/sup><\/li><li>Nierensch\u00e4den<sup><a href=\"https:\/\/pratt.duke.edu\/about\/news\/covid-19-can-infect-and-damage-human-kidney-cells\" target=\"_blank\" rel=\"noreferrer noopener\">12<\/a><\/sup> <sup><a href=\"https:\/\/www.nature.com\/articles\/s41581-021-00487-3\">1<\/a><a href=\"https:\/\/www.nature.com\/articles\/s41581-021-00487-3\" target=\"_blank\" rel=\"noreferrer noopener\">3<\/a><\/sup><\/li><li>Lebersch\u00e4den <a href=\"https:\/\/www.journal-of-hepatology.eu\/article\/S0168-8278(20)30294-4\/fulltext\" target=\"_blank\" rel=\"noreferrer noopener\"><sup>14<\/sup><\/a> &amp; potentieller Ausl\u00f6ser f\u00fcr Hepatitis bei Kindern <sup><a href=\"https:\/\/www.who.int\/emergencies\/disease-outbreak-news\/item\/DON-389\" target=\"_blank\" rel=\"noreferrer noopener\">15<\/a><\/sup><\/li><li>Diabetes<sup><a href=\"https:\/\/www.thelancet.com\/journals\/landia\/article\/PIIS2213-8587(22)00044-4\/fulltext\" target=\"_blank\" rel=\"noreferrer noopener\">16<\/a><\/sup><\/li><li>&#8230;<\/li><\/ul>\n\n\n\n<p>Die Bayerische Staatsregierung hat auch im Rahmen der aktuellen Fassung des IfSG M\u00f6glichkeiten, um Infektionspr\u00e4vention in Kinderbetreuungseinrichtungen und Schulen zu erm\u00f6glichen. Hierzu geh\u00f6ren:<\/p>\n\n\n\n<ol><li>Die Nutzung von sicheren und einfach umzusetzenden PCR-Pooltests<\/li><li>Die Bereitstellung von mobilen HEPA-Filtern zur Luftreinigung (sogenannte Luftfilter)<\/li><li>Die Anordnung zum Tragen einer Infektionsschutzmaske im Rahmen von Hygienepl\u00e4nen in Kinderbetreuungseinrichtungen<\/li><li>Aktive Aufkl\u00e4rung zu den gesundheitlichen Risiken insbesondere bei Kindern und Jugendlichen im Zusammenhang mit SARS-COV-2 Infektionen, z.B. durch Unterrichtseinheiten im schulischen Kontext, Elternabende, Elterninformationen, Kampagnen<\/li><\/ol>\n\n\n\n<p>Aktuell nehmen wir als Eltern von Kindern im Kindergarten- und Grundschulalter seitens der Bayerischen Staatsregierung und insbesondere der Ministerien f\u00fcr Gesundheit und Pflege (StMGP), f\u00fcr Familie, Arbeit und Soziales (StMAS) und f\u00fcr Unterricht und Kultus (StUK) keine besondere Anstrengung in Bezug auf notwendige Pr\u00e4ventionsma\u00dfnahmen wahr. Als informierte und verantwortungsbewusste Eltern handeln wir bereits so eigenverantwortlich wie wir es unter den gegebenen Randbedingungen k\u00f6nnen. Allerdings schicken wir unsere Kinder aktuell in im \u00fcbertragenen Sinne &#8222;verrauchte&#8220; Innenr\u00e4ume, in der Hoffnung, dass sie die damit einhergehenden gesundheitlichen Risiken nicht betreffen werden. Das ist ein \u201eGl\u00fccksspiel\u201c mit ungewissem und aus unserer Sicht unverantwortlichem Ausgang.<\/p>\n\n\n\n<p>Herr Holetschek, sie lassen sich in Ihrer aktuellen Pressemeldung mit den Worten zitieren:<\/p>\n\n\n\n<p class=\"has-text-align-right\">\u201e<em>Vorsorge ist f\u00fcr mich ein Herzensanliegen. Wir setzen uns mit unserem Bayerischen Pr\u00e4ventionsplan daher aktiv daf\u00fcr ein, B\u00fcrgerinnen und B\u00fcrger bei ihrer Entscheidung f\u00fcr eine gesundheitsf\u00f6rderliche Lebensweise zu unterst\u00fctzen, gesunde Lebenswelten zu gestalten und die gesundheitliche Chancengleichheit zu f\u00f6rdern.\u201c<\/em><\/p>\n\n\n\n<p>Wenn f\u00fcr Sie also Pr\u00e4vention ein Herzensanliegen ist, dann handeln Sie bitte insbesondere schnell und konsequent in Bezug auf das aktuell schwerwiegendste und weitverbreitete gesundheitliche Risiko unserer Zeit: SARS-COV-2.<\/p>\n\n\n\n<p>Setzen Sie sich bitte daf\u00fcr ein, dass folgende Ma\u00dfnahmen zum Schutz vor SARS-COV-2 Infektionen in Kinderbetreuungseinrichtungen und Schulen in Bayern so schnell wie m\u00f6glich fl\u00e4chendeckend umgesetzt werden:<\/p>\n\n\n\n<ol><li><strong>Regelm\u00e4\u00dfige PCR-Pooltests in Kinderbetreuungseinrichtungen und Schulen<\/strong> <br>\u2192 diese sind nicht \u201eanlasslos\u201c in einem dynamischen Infektionsgeschehen sondern geben Sicherheit und erm\u00f6glichen fr\u00fchzeitiges Unterbrechen von Infektionsketten. Zudem k\u00f6nnen insbesondere kleine Kinder sich nicht ad\u00e4quat selber sch\u00fctzen<br><\/li><li><strong>Verpflichtender Einsatz von mobilen HEPA Luftfiltern in allen R\u00e4umen von Kinderbetreuungseinrichtungen und Klassenr\u00e4umen bayerischer Schulen<\/strong> <br>\u2192 die Ger\u00e4te sind gerade mit Blick auf Herbst und Winter ein wichtiger Baustein, denn unter der aktuell versch\u00e4rften Energiesituation (russisches Gas) ist st\u00e4ndiges Heizen gegen die Kaltluft durch h\u00e4ufiges L\u00fcften noch viel problematischer als im vergangenen Jahr<br><\/li><li><strong>Maskenpflicht f\u00fcr Mitarbeiter:innen in Kinderbetreuungseinrichtungen<\/strong> <br>\u2192 denn kleine Kinder k\u00f6nnen sich nicht selber durch Tragen einer Maske sch\u00fctzen<br><\/li><li><strong>Maskenpflicht in allen Schulen f\u00fcr Lehrer:innen und Sch\u00fcler:innen gleicherma\u00dfen<\/strong> <br>\u2192 denn nur Infektionsschutzmasken helfen, die Verbreitung von Aerosolen in vollbesetzten Klassenzimmern effektiv zu reduzieren<br><\/li><li><strong>Aktive Aufkl\u00e4rung zu den gesundheitlichen Risiken, die mit (mehrfachen) SARS-COV-2 Infektionen einhergehen<\/strong><br>\u2192 FAQs auf staatlichen Webseiten reichen nicht aus. Es muss eine stringente Aufkl\u00e4rungskampagne erfolgen durch Informationen in den Einrichtungen vor Ort \u2013 z.B. Elternabende, Unterrichtseinheiten, mediale Kampagnen<\/li><\/ol>\n\n\n\n<p>Bitte handeln Sie umgehend &#8211; pr\u00e4ventiv und konsequent &#8211; denn die Pandemie ist noch nicht vorbei und die Risiken insbesondere f\u00fcr langfristige gesundheitliche Einschr\u00e4nkungen sind f\u00fcr Kinder weiterhin vorhanden.<\/p>\n\n\n\n<p>Wir stehen jederzeit f\u00fcr einen Dialog zur Verf\u00fcgung und teilen gerne unsere Erfahrungen mit der Umsetzung von Infektionsschutzma\u00dfnahmen wie PCR-Pooltests und Luftfilter in Kinderg\u00e4rten und Grundschulen mit Ihnen. Sehr gerne laden wir Sie hierzu nach Baiersdorf in Mittelfranken ein, da wir gemeinsam mit der hiesigen Stadtverwaltung viele Erkenntnisse zur Praktikabilit\u00e4t der derzeitigen<br><em>&lt;Richtlinie f\u00fcr Zuwendungen des Freistaates Bayern zur Durchf\u00fchrung von PCR-Pool-Tests in der Kindertagesbetreuung&gt;<\/em> gewonnen haben.<\/p>\n\n\n\n<p>Mit hoffnungsvollen Gr\u00fc\u00dfen,<\/p>\n\n\n\n<p>Karoline und Florian W.<br>Simone V.<br>Knut T.<br>Kerstin und Michael R.<br>Katrin S.<br>Andrea J.<br>Cordelia S.<br>Mareile B.<br>Verena B.<br>Anna H.<br>M. H.<\/p>\n\n\n\n<p><br><br><\/p>\n\n\n\n<p>Quellen:<\/p>\n\n\n\n<p>1- <a href=\"https:\/\/www.stmgp.bayern.de\/presse\/holetschek-wirbt-fuer-mehr-eigenverantwortung-fuer-die-eigene-gesundheit-bayerns\/\">https:\/\/www.stmgp.bayern.de\/presse\/holetschek-wirbt-fuer-mehr-eigenverantwortung-fuer-die-eigene-gesundheit-bayerns\/<\/a><\/p>\n\n\n\n<p>2- <a href=\"https:\/\/pcr-pooltests-kitas-bayern.lederer4u.de\/wp-content\/uploads\/2022\/01\/Petition_Begruendung.pdf\">https:\/\/pcr-pooltests-kitas-bayern.lederer4u.de\/wp-content\/uploads\/2022\/01\/Petition_Begruendung.pdf<\/a><\/p>\n\n\n\n<p>3 &#8211; <a href=\"https:\/\/www.zusammengegencorona.de\/covid-19\/long-covid-langzeitfolgen-einer-covid-19-erkrankung\/\">https:\/\/www.zusammengegencorona.de\/covid-19\/long-covid-langzeitfolgen-einer-covid-19-erkrankung\/<\/a><\/p>\n\n\n\n<p>4 &#8211; <a href=\"https:\/\/www.awmf.org\/uploads\/tx_szleitlinien\/020-027l_S1_Post_COVID_Long_COVID_2021-07.pdf\">https:\/\/www.awmf.org\/uploads\/tx_szleitlinien\/020-027l_S1_Post_COVID_Long_COVID_2021-07.pdf<\/a><\/p>\n\n\n\n<p>5 &#8211; <a href=\"https:\/\/www.nature.com\/articles\/d41586-021-01935-7\">https:\/\/www.nature.com\/articles\/d41586-021-01935-7<\/a><\/p>\n\n\n\n<p>6 &#8211; <a href=\"https:\/\/www.scientificamerican.com\/article\/even-mild-covid-can-increase-the-risk-of-heart-problems\/?amp;text=Even\">https:\/\/www.scientificamerican.com\/article\/even-mild-covid-can-increase-the-risk-of-heart-problems\/?amp;text=Even<\/a><\/p>\n\n\n\n<p>7 &#8211; <a href=\"https:\/\/www.news-medical.net\/health\/COVID-19-and-Heart-Damage.aspx\">https:\/\/www.news-medical.net\/health\/COVID-19-and-Heart-Damage.aspx<\/a><\/p>\n\n\n\n<p>8 &#8211; <a href=\"https:\/\/www.science.org\/content\/article\/covid-19-takes-serious-toll-heart-health-full-year-after-recovery\">https:\/\/www.science.org\/content\/article\/covid-19-takes-serious-toll-heart-health-full-year-after-recovery<\/a><\/p>\n\n\n\n<p>9 &#8211; <a href=\"https:\/\/www.nature.com\/articles\/s41586-022-04569-5\">https:\/\/www.nature.com\/articles\/s41586-022-04569-5<\/a><\/p>\n\n\n\n<p>10 &#8211; <a href=\"https:\/\/www.who.int\/publications\/i\/item\/multisystem-inflammatory-syndrome-in-children-and-adolescents-with-covid-19\">https:\/\/www.who.int\/publications\/i\/item\/multisystem-inflammatory-syndrome-in-children-and-adolescents-with-covid-19<\/a><\/p>\n\n\n\n<p>11 &#8211; <a href=\"https:\/\/dgpi.de\/pims-survey-update\/\">https:\/\/dgpi.de\/pims-survey-update\/<\/a><\/p>\n\n\n\n<p>12 &#8211; <a href=\"https:\/\/pratt.duke.edu\/about\/news\/covid-19-can-infect-and-damage-human-kidney-cells\">https:\/\/pratt.duke.edu\/about\/news\/covid-19-can-infect-and-damage-human-kidney-cells<\/a><\/p>\n\n\n\n<p>13 &#8211; <a href=\"https:\/\/www.nature.com\/articles\/s41581-021-00487-3\">https:\/\/www.nature.com\/articles\/s41581-021-00487-3<\/a><\/p>\n\n\n\n<p>14 &#8211; <a href=\"https:\/\/www.journal-of-hepatology.eu\/article\/S0168-8278(20)30294-4\/fulltext\">https:\/\/www.journal-of-hepatology.eu\/article\/S0168-8278(20)30294-4\/fulltext<\/a><\/p>\n\n\n\n<p>15 &#8211; <a href=\"https:\/\/www.who.int\/emergencies\/disease-outbreak-news\/item\/DON-389\">https:\/\/www.who.int\/emergencies\/disease-outbreak-news\/item\/DON-389<\/a><\/p>\n\n\n\n<p>16 &#8211; <a href=\"https:\/\/www.thelancet.com\/journals\/landia\/article\/PIIS2213-8587(22)00044-4\/fulltext\">https:\/\/www.thelancet.com\/journals\/landia\/article\/PIIS2213-8587(22)00044-4\/fulltext<\/a><\/p>\n\n\n\n<p>17 &#8211; <a href=\"https:\/\/www.gesetze-bayern.de\/Content\/Document\/BayVV_2231_A_12458\/true\">https:\/\/www.gesetze-bayern.de\/Content\/Document\/BayVV_2231_A_12458\/true<\/a><\/p>\n","protected":false},"excerpt":{"rendered":"<p>Baiersdorf, den 23. Juni 2022 Sehr geehrter Herr Holetschek, mit einiger \u00dcberraschung haben wir die Pressemeldung Ihres Hauses vom 17.6.2022 zum Thema \u201ePr\u00e4vention\u201c1 zur Kenntnis genommen. In dieser Pressemitteilung werden Sie mit folgenden Worten zitiert: \u201eDie letzten Jahre haben uns nochmal verdeutlicht, wie wichtig Gesundheit f\u00fcr jeden von uns ist. Dabei ist Pr\u00e4vention das A&hellip;<\/p>\n","protected":false},"author":1,"featured_media":0,"parent":0,"menu_order":0,"comment_status":"closed","ping_status":"closed","template":"","meta":[],"_links":{"self":[{"href":"https:\/\/lolli-test-bayern.de\/home\/wp-json\/wp\/v2\/pages\/465"}],"collection":[{"href":"https:\/\/lolli-test-bayern.de\/home\/wp-json\/wp\/v2\/pages"}],"about":[{"href":"https:\/\/lolli-test-bayern.de\/home\/wp-json\/wp\/v2\/types\/page"}],"author":[{"embeddable":true,"href":"https:\/\/lolli-test-bayern.de\/home\/wp-json\/wp\/v2\/users\/1"}],"replies":[{"embeddable":true,"href":"https:\/\/lolli-test-bayern.de\/home\/wp-json\/wp\/v2\/comments?post=465"}],"version-history":[{"count":0,"href":"https:\/\/lolli-test-bayern.de\/home\/wp-json\/wp\/v2\/pages\/465\/revisions"}],"wp:attachment":[{"href":"https:\/\/lolli-test-bayern.de\/home\/wp-json\/wp\/v2\/media?parent=465"}],"curies":[{"name":"wp","href":"https:\/\/api.w.org\/{rel}","templated":true}]}}